{"id":11,"date":"2022-05-27T22:13:33","date_gmt":"2022-05-27T22:13:33","guid":{"rendered":"https:\/\/tobiaturistica.com\/?page_id=11"},"modified":"2025-08-22T15:45:08","modified_gmt":"2025-08-22T15:45:08","slug":"inicio","status":"publish","type":"page","link":"https:\/\/tobiaturistica.com\/","title":{"rendered":"Inicio"},"content":{"rendered":" \n<div data-block=\"gutenkit\/container\" data-post-id=\"11\" id=\"block-270eb96f-35e7-4afc-b2b4-d0dff5eefa7d\" class=\"wp-block-gutenkit-container alignfull gkiteefa7d gutenkit-block\"><div class=\"gkit-container-overlay\"><\/div><div class=\"gkit-block__inner\"> \n<div data-block=\"gutenkit\/heading\" data-post-id=\"11\" class=\"wp-block-gutenkit-heading gkit-heading-border-position-start gkite84e4f gutenkit-block\" id=\"block-9111cbb4-2553-41ee-930b-52c650363e09\"><h2 class=\"gkit-heading-title\">\u00abEmpieza tu&nbsp;<strong>Viaje<br><\/strong>Aqui\u00bb<\/h2><\/div>\n \n\n \n<div data-block=\"gutenkit\/container\" data-post-id=\"11\" id=\"block-f081fd9e-735b-4d09-8531-dc69c53b0537\" class=\"wp-block-gutenkit-container alignfull gkit3b0537 gutenkit-block\"><div class=\"gkit-block__inner\"> \n<div data-block=\"gutenkit\/button\" data-post-id=\"11\" id=\"block-f6eb5c68-3045-4c56-9ecd-4476997f3c31\" class=\"wp-block-gutenkit-button gkit7f3c31 gutenkit-block\"><div class=\"gkit-btn-wraper\"><a class=\"gkit-btn\" href=\"https:\/\/tobiaturistica.com\/?page_id=1229\">Reservar<\/a><\/div><\/div>\n \n\n \n<div data-block=\"gutenkit\/video\" data-post-id=\"11\" id=\"block-76b5fb08-8d66-4d23-95ae-9e588bd7590b\" class=\"wp-block-gutenkit-video gkitd7590b gutenkit-block\"><div class=\"video-content\" id=\"video-content\" data-settings=\"{&quot;videoStyleOptions&quot;:&quot;popup&quot;,&quot;videoType&quot;:&quot;youtube&quot;,&quot;playerControl&quot;:true,&quot;isAutoPlay&quot;:false,&quot;isVideoMute&quot;:true,&quot;isVideoLoop&quot;:false,&quot;isPlayOnMobile&quot;:true,&quot;isImageOverlay&quot;:false,&quot;overlayPlayIcon&quot;:false,&quot;overlayLightbox&quot;:false,&quot;videoStartTime&quot;:0,&quot;videoEndTime&quot;:&quot;&quot;,&quot;isIntroTitle&quot;:false,&quot;isIntroPortrait&quot;:false,&quot;isIntroByLine&quot;:false,&quot;getYoutubeVideoId&quot;:&quot;FfLxO3qmRIw&quot;,&quot;videoPreLoad&quot;:&quot;auto&quot;,&quot;selfVideoURL&quot;:&quot;https:\/\/wpmet.com\/plugin\/elementskit\/wp-content\/uploads\/2022\/11\/selfhosted_video.mp4&quot;,&quot;isDownloadButton&quot;:true,&quot;isPlayerControlsEnabled&quot;:true,&quot;gkitVideoCloseButtonIcon&quot;:{&quot;title&quot;:&quot;cross&quot;,&quot;src&quot;:&quot;<svg xmlns=\\&quot;http:\/\/www.w3.org\/2000\/svg\\&quot; viewBox=\\&quot;0 0 32 32\\&quot;&gt;<path d=\\&quot;M17.131 16.8l9.034-9.034c0.312-0.312 0.312-0.819 0-1.131s-0.819-0.312-1.131 0l-9.034 9.034-9.034-9.034c-0.312-0.312-0.819-0.312-1.131 0s-0.312 0.819 0 1.131l9.034 9.034-9.034 9.034c-0.312 0.312-0.312 0.819 0 1.131 0.156 0.156 0.361 0.234 0.566 0.234s0.409-0.078 0.566-0.234l9.034-9.034 9.034 9.034c0.156 0.156 0.361 0.234 0.566 0.234s0.409-0.078 0.566-0.234c0.312-0.312 0.312-0.819 0-1.131l-9.034-9.034z\\&quot;&gt;<\/path&gt;<\/svg&gt;&quot;},&quot;wrapperClass&quot;:&quot;gkitd7590b&quot;}\"><a data-fancybox=\"true\" data-src=\"https:\/\/youtube.com\/shorts\/FfLxO3qmRIw\" data-custom-class=\"gkit-video-popup-yt\" href=\"#\" class=\"gkit_icon_button glow-btn \n       color-glow gkit-video-popup gkit-video-popup-btn fancybox.iframe\" aria-label=\"Play Video\"><span class=\"icon-play\"><svg version=\"1.1\" xmlns=\"http:\/\/www.w3.org\/2000\/svg\" width=\"32\" height=\"32\" viewBox=\"0 0 32 32\" class=\"gkit-icon\">\n<title>play-button<\/title>\n<path d=\"M27.481 15.773l-22.096-15.238c-0.234-0.161-0.537-0.178-0.787-0.047-0.251 0.132-0.408 0.391-0.408 0.674v30.477c0 0.283 0.157 0.543 0.408 0.675 0.111 0.058 0.233 0.087 0.354 0.087 0.152 0 0.302-0.046 0.433-0.135l22.096-15.238c0.206-0.142 0.329-0.376 0.329-0.627s-0.123-0.485-0.329-0.627z\"><\/path>\n<\/svg>\n<\/span><\/a><\/div><\/div>\n \n\n\n<figure class=\"wp-block-embed is-type-video is-provider-youtube wp-block-embed-youtube wp-embed-aspect-16-9 wp-has-aspect-ratio\"><div class=\"wp-block-embed__wrapper\">\n<iframe title=\"canotaje extremo en Tobia\" width=\"720\" height=\"405\" src=\"https:\/\/www.youtube.com\/embed\/QliwqrbBeMU?feature=oembed\" frameborder=\"0\" allow=\"accelerometer; autoplay; clipboard-write; encrypted-media; gyroscope; picture-in-picture; web-share\" referrerpolicy=\"strict-origin-when-cross-origin\" allowfullscreen><\/iframe>\n<\/div><\/figure>\n<\/div><\/div>\n <\/div><\/div>\n \n\n\n<p><\/p>\n\n\n \n<div data-block=\"gutenkit\/container\" data-post-id=\"11\" class=\"wp-block-gutenkit-container alignfull gkit814d00 gutenkit-block\" id=\"planes\"><div class=\"gkit-block__inner\"> \n<div data-block=\"gutenkit\/heading\" data-post-id=\"11\" class=\"wp-block-gutenkit-heading gkit-heading-border-position-start gkit7b759b gutenkit-block\" id=\"planes\"><a class=\"external-link\"><h2 class=\"gkit-heading-title\">Planes<\/h2><\/a><div class=\"gkit-heading-separetor gkit-heading-separetor-after-title gkit-heading-separetor-style-dotted\"><div class=\"gkit-heading-separetor-divider\"><\/div><\/div><\/div>\n <\/div><\/div>\n \n\n\n\n\n \n<div data-block=\"gutenkit\/container\" data-post-id=\"11\" id=\"block-f95d14ff-c2a7-481b-aea5-56dcec951c39\" class=\"wp-block-gutenkit-container alignfull gkit951c39 gutenkit-block\"><div class=\"gkit-block__inner\"> \n<div data-block=\"gutenkit\/heading\" data-post-id=\"11\" class=\"wp-block-gutenkit-heading gkit-heading-border-position-start gkit87826a gutenkit-block\" id=\"actividades\"><a class=\"external-link\"><h2 class=\"gkit-heading-title\">ACTIVIDADES<\/h2><\/a><div class=\"gkit-heading-separetor gkit-heading-separetor-after-title gkit-heading-separetor-style-dotted\"><div class=\"gkit-heading-separetor-divider\"><\/div><\/div><\/div>\n <\/div><\/div>\n \n\n \n<div data-block=\"gutenkit\/container\" data-post-id=\"11\" id=\"block-8018b095-de98-40b6-82ae-4c4a3aeccfbe\" class=\"wp-block-gutenkit-container alignfull gkiteccfbe gutenkit-block\"><div class=\"gkit-block__inner\"> \n<div data-block=\"gutenkit\/container\" data-post-id=\"11\" id=\"block-33d59aca-40e8-4d0c-82e1-825c81a44a46\" class=\"wp-block-gutenkit-container alignfull gkita44a46 gutenkit-block\"><div class=\"gkit-block__inner\"> \n<div data-block=\"gutenkit\/image-box\" data-post-id=\"11\" id=\"block-c8283e14-db92-4576-972a-35540a3c5a86\" class=\"wp-block-gutenkit-image-box gkit3c5a86 gutenkit-block\"><div class=\"gkit-info-image-box gkit-image-box simple-card\"><a href=\"https:\/\/tobiaturistica.com\/?page_id=20\"><div class=\"gkit-box-header image-box-img-undefined\"><img decoding=\"async\" width=\"1920\" height=\"2560\" loading=\"lazy\" src=\"https:\/\/tobiaturistica.com\/wp-content\/uploads\/2025\/04\/canotaje-colombia-1-scaled.jpg\" class=\"wp-image-4527\" alt=\"\" srcset=\"https:\/\/tobiaturistica.com\/wp-content\/uploads\/2025\/04\/canotaje-colombia-1-scaled.jpg 1920w, https:\/\/tobiaturistica.com\/wp-content\/uploads\/2025\/04\/canotaje-colombia-1-225x300.jpg 225w, https:\/\/tobiaturistica.com\/wp-content\/uploads\/2025\/04\/canotaje-colombia-1-768x1024.jpg 768w, https:\/\/tobiaturistica.com\/wp-content\/uploads\/2025\/04\/canotaje-colombia-1-1152x1536.jpg 1152w, https:\/\/tobiaturistica.com\/wp-content\/uploads\/2025\/04\/canotaje-colombia-1-1536x2048.jpg 1536w\" sizes=\"auto, (max-width: 1920px) 100vw, 1920px\" \/><\/div><\/a><div class=\"gkit-box-body gkit-image-box-body\"><div class=\"gkit-box-content gkit-image-box-body-inner\"><div class=\"gkit-box-body-content\"><div class=\"gkit-info-box\"><h3 identifier=\"imageBox-heading\" class=\"gkit-info-box-title\">Rafting<\/h3><\/div><div identifier=\"imageBox-description\" class=\"gkit-box-style-content\">\u00ab\u00a1Vive la emoci\u00f3n del rafting en el majestuoso R\u00edo Negro en Tob\u00eda! Desaf\u00eda las aguas turbulentas y disfruta del paisaje impresionante. Una aventura inolvidable te espera. <\/div><\/div><\/div><\/div><\/div><\/div>\n \n\n \n<div data-block=\"gutenkit\/image-box\" data-post-id=\"11\" id=\"block-ea738802-0f33-44e1-8134-cd3256b7cde5\" class=\"wp-block-gutenkit-image-box gkitb7cde5 gutenkit-block\"><div class=\"gkit-info-image-box gkit-image-box simple-card\"><a href=\"https:\/\/tobiaturistica.com\/?page_id=34\"><div class=\"gkit-box-header image-box-img-undefined\"><img decoding=\"async\" width=\"1920\" height=\"2560\" loading=\"lazy\" src=\"https:\/\/tobiaturistica.com\/wp-content\/uploads\/2025\/04\/torrentismo-tobia-scaled.jpg\" class=\"wp-image-4513\" alt=\"\" srcset=\"https:\/\/tobiaturistica.com\/wp-content\/uploads\/2025\/04\/torrentismo-tobia-scaled.jpg 1920w, https:\/\/tobiaturistica.com\/wp-content\/uploads\/2025\/04\/torrentismo-tobia-225x300.jpg 225w, https:\/\/tobiaturistica.com\/wp-content\/uploads\/2025\/04\/torrentismo-tobia-768x1024.jpg 768w, https:\/\/tobiaturistica.com\/wp-content\/uploads\/2025\/04\/torrentismo-tobia-1152x1536.jpg 1152w, https:\/\/tobiaturistica.com\/wp-content\/uploads\/2025\/04\/torrentismo-tobia-1536x2048.jpg 1536w\" sizes=\"auto, (max-width: 1920px) 100vw, 1920px\" \/><\/div><\/a><div class=\"gkit-box-body gkit-image-box-body\"><div class=\"gkit-box-content gkit-image-box-body-inner\"><div class=\"gkit-box-body-content\"><div class=\"gkit-info-box\"><h3 identifier=\"imageBox-heading\" class=\"gkit-info-box-title\">Escalada y Descenso<\/h3><\/div><div identifier=\"imageBox-description\" class=\"gkit-box-style-content\">\u00ab\u00a1Desaf\u00eda tus l\u00edmites en la Cascada m\u00e1s alta de Tob\u00eda! Escala hasta la cima y desciende por cuerda en una experiencia de adrenalina pura. Un reto emocionante que te dejar\u00e1 sin aliento.<\/div><\/div><\/div><\/div><\/div><\/div>\n \n\n \n<div data-block=\"gutenkit\/image-box\" data-post-id=\"11\" id=\"block-2bfdf975-9188-4be3-a459-283b38aa2303\" class=\"wp-block-gutenkit-image-box gkitaa2303 gutenkit-block\"><div class=\"gkit-info-image-box gkit-image-box simple-card\"><a href=\"https:\/\/tobiaturistica.com\/?page_id=39\"><div class=\"gkit-box-header image-box-img-undefined\"><img decoding=\"async\" width=\"1920\" height=\"2560\" loading=\"lazy\" src=\"https:\/\/tobiaturistica.com\/wp-content\/uploads\/2025\/04\/turismo-en-tobia-scaled.jpg\" class=\"wp-image-4828\" alt=\"\" srcset=\"https:\/\/tobiaturistica.com\/wp-content\/uploads\/2025\/04\/turismo-en-tobia-scaled.jpg 1920w, https:\/\/tobiaturistica.com\/wp-content\/uploads\/2025\/04\/turismo-en-tobia-225x300.jpg 225w, https:\/\/tobiaturistica.com\/wp-content\/uploads\/2025\/04\/turismo-en-tobia-768x1024.jpg 768w, https:\/\/tobiaturistica.com\/wp-content\/uploads\/2025\/04\/turismo-en-tobia-1152x1536.jpg 1152w, https:\/\/tobiaturistica.com\/wp-content\/uploads\/2025\/04\/turismo-en-tobia-1536x2048.jpg 1536w\" sizes=\"auto, (max-width: 1920px) 100vw, 1920px\" \/><\/div><\/a><div class=\"gkit-box-body gkit-image-box-body\"><div class=\"gkit-box-content gkit-image-box-body-inner\"><div class=\"gkit-box-body-content\"><div class=\"gkit-info-box\"><h3 identifier=\"imageBox-heading\" class=\"gkit-info-box-title\">  Empresarial<\/h3><\/div><div identifier=\"imageBox-description\" class=\"gkit-box-style-content\">\u00abvive una experiencia empresarial \u00fanica! Actividades de aventura, trabajo en equipo y momentos de integraci\u00f3n que fortalecer\u00e1n los lazos y potenciar\u00e1n la productividad\u00bb<\/div><\/div><\/div><\/div><\/div><\/div>\n <\/div><\/div>\n \n\n \n<div data-block=\"gutenkit\/container\" data-post-id=\"11\" id=\"block-33d59aca-40e8-4d0c-82e1-825c81a44a46\" class=\"wp-block-gutenkit-container alignfull gkita44a46 gutenkit-block\"><div class=\"gkit-block__inner\"> \n<div data-block=\"gutenkit\/image-box\" data-post-id=\"11\" id=\"block-e0506f9f-354e-4448-be4d-8efd68cce4f3\" class=\"wp-block-gutenkit-image-box gkitcce4f3 gutenkit-block\"><div class=\"gkit-info-image-box gkit-image-box simple-card\"><a href=\"https:\/\/tobiaturistica.com\/?page_id=32\"><div class=\"gkit-box-header image-box-img-undefined\"><img decoding=\"async\" width=\"2101\" height=\"2560\" loading=\"lazy\" src=\"https:\/\/tobiaturistica.com\/wp-content\/uploads\/2025\/04\/kayak-en-tobia-scaled.jpg\" class=\"wp-image-4562\" alt=\"\" srcset=\"https:\/\/tobiaturistica.com\/wp-content\/uploads\/2025\/04\/kayak-en-tobia-scaled.jpg 2101w, https:\/\/tobiaturistica.com\/wp-content\/uploads\/2025\/04\/kayak-en-tobia-246x300.jpg 246w, https:\/\/tobiaturistica.com\/wp-content\/uploads\/2025\/04\/kayak-en-tobia-840x1024.jpg 840w, https:\/\/tobiaturistica.com\/wp-content\/uploads\/2025\/04\/kayak-en-tobia-768x936.jpg 768w, https:\/\/tobiaturistica.com\/wp-content\/uploads\/2025\/04\/kayak-en-tobia-1261x1536.jpg 1261w, https:\/\/tobiaturistica.com\/wp-content\/uploads\/2025\/04\/kayak-en-tobia-1681x2048.jpg 1681w\" sizes=\"auto, (max-width: 2101px) 100vw, 2101px\" \/><\/div><\/a><div class=\"gkit-box-body gkit-image-box-body\"><div class=\"gkit-box-content gkit-image-box-body-inner\"><div class=\"gkit-box-body-content\"><div class=\"gkit-info-box\"><h3 identifier=\"imageBox-heading\" class=\"gkit-info-box-title\">Kayak<\/h3><\/div><div identifier=\"imageBox-description\" class=\"gkit-box-style-content\">\u00ab\u00a1Surca las aguas con estilo! Aprende a remar en kayak y descubre la emoci\u00f3n de navegar por r\u00edos y lagos. Un curso pr\u00e1ctico y divertido que te ense\u00f1ar\u00e1 las t\u00e9cnicas y habilidades necesarias para disfrutar del kayak de manera segura y emocionante.<\/div><\/div><\/div><\/div><\/div><\/div>\n \n\n \n<div data-block=\"gutenkit\/image-box\" data-post-id=\"11\" id=\"block-be6fb4ff-e01f-4f7c-ad1b-7e7063ebd060\" class=\"wp-block-gutenkit-image-box gkitebd060 gutenkit-block\"><div class=\"gkit-info-image-box gkit-image-box simple-card\"><a href=\"https:\/\/tobiaturistica.com\/?page_id=4608\"><div class=\"gkit-box-header image-box-img-undefined\"><img decoding=\"async\" width=\"2101\" height=\"2560\" loading=\"lazy\" src=\"https:\/\/tobiaturistica.com\/wp-content\/uploads\/2025\/04\/torrentismo-en-tobia-colombia-scaled.jpg\" class=\"wp-image-4561\" alt=\"\" srcset=\"https:\/\/tobiaturistica.com\/wp-content\/uploads\/2025\/04\/torrentismo-en-tobia-colombia-scaled.jpg 2101w, https:\/\/tobiaturistica.com\/wp-content\/uploads\/2025\/04\/torrentismo-en-tobia-colombia-246x300.jpg 246w, https:\/\/tobiaturistica.com\/wp-content\/uploads\/2025\/04\/torrentismo-en-tobia-colombia-840x1024.jpg 840w, https:\/\/tobiaturistica.com\/wp-content\/uploads\/2025\/04\/torrentismo-en-tobia-colombia-768x936.jpg 768w, https:\/\/tobiaturistica.com\/wp-content\/uploads\/2025\/04\/torrentismo-en-tobia-colombia-1261x1536.jpg 1261w, https:\/\/tobiaturistica.com\/wp-content\/uploads\/2025\/04\/torrentismo-en-tobia-colombia-1681x2048.jpg 1681w\" sizes=\"auto, (max-width: 2101px) 100vw, 2101px\" \/><\/div><\/a><div class=\"gkit-box-body gkit-image-box-body\"><div class=\"gkit-box-content gkit-image-box-body-inner\"><div class=\"gkit-box-body-content\"><div class=\"gkit-info-box\"><h3 identifier=\"imageBox-heading\" class=\"gkit-info-box-title\">Senderismo<\/h3><\/div><div identifier=\"imageBox-description\" class=\"gkit-box-style-content\">Pasea por senderos y caminos, rodeado de naturaleza y paisajes impresionantes. Un viaje relajante y revitalizante que te conecta con la esencia de la vida. \u00a1Ven y d\u00e9jate llevar por la belleza de Tob\u00eda.<\/div><\/div><\/div><\/div><\/div><\/div>\n \n\n \n<div data-block=\"gutenkit\/image-box\" data-post-id=\"11\" id=\"block-d15eb0c0-7532-43cc-8044-001293ea82a1\" class=\"wp-block-gutenkit-image-box gkitea82a1 gutenkit-block\"><div class=\"gkit-info-image-box gkit-image-box simple-card\"><a href=\"https:\/\/tobiaturistica.com\/?page_id=4605\"><div class=\"gkit-box-header image-box-img-undefined\"><img decoding=\"async\" width=\"1920\" height=\"2560\" loading=\"lazy\" src=\"https:\/\/tobiaturistica.com\/wp-content\/uploads\/2025\/04\/paseo-a-caballo-scaled.jpg\" class=\"wp-image-4514\" alt=\"\" srcset=\"https:\/\/tobiaturistica.com\/wp-content\/uploads\/2025\/04\/paseo-a-caballo-scaled.jpg 1920w, https:\/\/tobiaturistica.com\/wp-content\/uploads\/2025\/04\/paseo-a-caballo-225x300.jpg 225w, https:\/\/tobiaturistica.com\/wp-content\/uploads\/2025\/04\/paseo-a-caballo-768x1024.jpg 768w, https:\/\/tobiaturistica.com\/wp-content\/uploads\/2025\/04\/paseo-a-caballo-1152x1536.jpg 1152w, https:\/\/tobiaturistica.com\/wp-content\/uploads\/2025\/04\/paseo-a-caballo-1536x2048.jpg 1536w\" sizes=\"auto, (max-width: 1920px) 100vw, 1920px\" \/><\/div><\/a><div class=\"gkit-box-body gkit-image-box-body\"><div class=\"gkit-box-content gkit-image-box-body-inner\"><div class=\"gkit-box-body-content\"><div class=\"gkit-info-box\"><h3 identifier=\"imageBox-heading\" class=\"gkit-info-box-title\">paseos a Caballo<\/h3><\/div><div identifier=\"imageBox-description\" class=\"gkit-box-style-content\">\u00ab\u00a1Explora Tob\u00eda de manera aut\u00e9ntica! Pasea a caballo por sus senderos y disfruta de paisajes impresionantes. Un viaje relajante y emocionante que te conecta con la naturaleza. <\/div><\/div><\/div><\/div><\/div><\/div>\n <\/div><\/div>\n <\/div><\/div>\n \n\n \n<div data-block=\"gutenkit\/container\" data-post-id=\"11\" id=\"block-c3f9280a-09c0-4716-9930-cd3fa973fcfd\" class=\"wp-block-gutenkit-container alignfull gkit73fcfd gutenkit-block\"><div class=\"gkit-container-overlay\"><\/div><div class=\"gkit-block__inner\"> \n<div data-block=\"gutenkit\/heading\" data-post-id=\"11\" class=\"wp-block-gutenkit-heading gkit-heading-border-position-start gkit1a0ff6 gutenkit-block\" id=\"block-04f35f22-0811-4137-8b90-8c8b3d270f4c\"><h2 class=\"gkit-heading-title\">Otros Destinos<\/h2><\/div>\n \n\n \n<div data-block=\"gutenkit\/button\" data-post-id=\"11\" id=\"block-1ba277fb-4419-48cd-af51-20516df3e72d\" class=\"wp-block-gutenkit-button gkitf3e72d gutenkit-block\"><div class=\"gkit-btn-wraper\"><a class=\"gkit-btn\" href=\"https:\/\/norcasiaexpedition.com\/\" target=\"_blank\" rel=\"noopener\">Explorar<div class=\"icon-right\"><svg version=\"1.1\" xmlns=\"http:\/\/www.w3.org\/2000\/svg\" width=\"32\" height=\"32\" viewBox=\"0 0 32 32\" class=\"gkit-icon\">\n<title>right-arrow<\/title>\n<path d=\"M21.548 5.088c-0.436-0.451-1.162-0.451-1.613 0-0.436 0.436-0.436 1.162 0 1.596l8.177 8.177h-26.984c-0.629 0.001-1.129 0.501-1.129 1.13s0.5 1.145 1.129 1.145h26.984l-8.177 8.162c-0.436 0.451-0.436 1.178 0 1.613 0.451 0.451 1.178 0.451 1.613 0l10.113-10.113c0.451-0.436 0.451-1.162 0-1.596l-10.113-10.114z\"><\/path>\n<\/svg>\n<\/div><\/a><\/div><\/div>\n <\/div><\/div>\n \n\n\n<p><\/p>\n\n\n \n<div data-block=\"gutenkit\/container\" data-post-id=\"11\" id=\"block-8a5909b3-4ea3-4a68-b06d-1dddd9b5241c\" class=\"wp-block-gutenkit-container alignfull gkitb5241c gutenkit-block\"><div class=\"gkit-container-overlay\"><\/div><div class=\"gkit-block__inner\"> \n<div data-block=\"gutenkit\/fun-fact\" data-post-id=\"11\" id=\"block-02e36efc-5e25-4be3-bc77-3fea5fabcde8\" class=\"wp-block-gutenkit-fun-fact gkit-funfact gkitabcde8 gutenkit-block\"><div class=\"vertical-bar\"><\/div><div id=\"gkit-funfact-02e36efc-5e25-4be3-bc77-3fea5fabcde8\" class=\"gkit-funfact-inner\" data-animation=\"{&quot;endTime&quot;:100,&quot;duration&quot;:3500,&quot;style&quot;:&quot;static&quot;}\"><div class=\"funfact-content\"><div class=\"number-percentage-wraper\"><span class=\"number-percentage\">0<\/span><span identifier=\"super\" class=\"super\">+<\/span><\/div><h3 identifier=\"heading\" class=\"funfact-title\">Rios Explorados<\/h3><\/div><\/div><\/div>\n \n\n \n<div data-block=\"gutenkit\/fun-fact\" data-post-id=\"11\" id=\"block-5817bb1e-62b6-43d0-8946-b26a74662672\" class=\"wp-block-gutenkit-fun-fact gkit-funfact gkit662672 gutenkit-block\"><div class=\"vertical-bar\"><\/div><div id=\"gkit-funfact-5817bb1e-62b6-43d0-8946-b26a74662672\" class=\"gkit-funfact-inner\" data-animation=\"{&quot;endTime&quot;:29,&quot;duration&quot;:3500,&quot;style&quot;:&quot;static&quot;}\"><div class=\"funfact-content\"><div class=\"number-percentage-wraper\"><span class=\"number-percentage\">0<\/span><span identifier=\"super\" class=\"super\">+<\/span><\/div><h3 identifier=\"heading\" class=\"funfact-title\">Destinos<\/h3><\/div><\/div><\/div>\n \n\n \n<div data-block=\"gutenkit\/fun-fact\" data-post-id=\"11\" id=\"block-c339e2bb-1130-4ac1-bb37-891caa738db4\" class=\"wp-block-gutenkit-fun-fact gkit-funfact gkit738db4 gutenkit-block\"><div class=\"vertical-bar\"><\/div><div id=\"gkit-funfact-c339e2bb-1130-4ac1-bb37-891caa738db4\" class=\"gkit-funfact-inner\" data-animation=\"{&quot;endTime&quot;:50,&quot;duration&quot;:3500,&quot;style&quot;:&quot;static&quot;}\"><div class=\"funfact-content\"><div class=\"number-percentage-wraper\"><span class=\"number-percentage\">0<\/span><span identifier=\"super\" class=\"super\">+<\/span><\/div><h3 identifier=\"heading\" class=\"funfact-title\">Expediciones<\/h3><\/div><\/div><\/div>\n \n\n \n<div data-block=\"gutenkit\/fun-fact\" data-post-id=\"11\" id=\"block-12a76cc8-a20f-407f-b7f3-5bc0734b0a94\" class=\"wp-block-gutenkit-fun-fact gkit-funfact gkit4b0a94 gutenkit-block\"><div class=\"vertical-bar\"><\/div><div id=\"gkit-funfact-12a76cc8-a20f-407f-b7f3-5bc0734b0a94\" class=\"gkit-funfact-inner\" data-animation=\"{&quot;endTime&quot;:10970,&quot;duration&quot;:3500,&quot;style&quot;:&quot;static&quot;}\"><div class=\"funfact-content\"><div class=\"number-percentage-wraper\"><span class=\"number-percentage\">0<\/span><span identifier=\"super\" class=\"super\">+<\/span><\/div><h3 identifier=\"heading\" class=\"funfact-title\">viajeros y contando<\/h3><\/div><\/div><\/div>\n <\/div><\/div>\n ","protected":false},"excerpt":{"rendered":"","protected":false},"author":1,"featured_media":0,"parent":0,"menu_order":0,"comment_status":"closed","ping_status":"closed","template":"","meta":{"_uag_custom_page_level_css":"","postBodyCss":"","postBodyMargin":[],"postBodyPadding":[],"postBodyBackground":{"backgroundType":"classic","gradient":""},"_kad_post_transparent":"","_kad_post_title":"hide","_kad_post_layout":"fullwidth","_kad_post_sidebar_id":"","_kad_post_content_style":"unboxed","_kad_post_vertical_padding":"","_kad_post_feature":"","_kad_post_feature_position":"","_kad_post_header":false,"_kad_post_footer":false,"_kad_post_classname":"","_joinchat":[],"footnotes":""},"class_list":["post-11","page","type-page","status-publish","hentry"],"uagb_featured_image_src":{"full":false,"thumbnail":false,"medium":false,"medium_large":false,"large":false,"1536x1536":false,"2048x2048":false},"uagb_author_info":{"display_name":"mackonen","author_link":"https:\/\/tobiaturistica.com\/author\/tobiatur"},"uagb_comment_info":0,"uagb_excerpt":null,"_links":{"self":[{"href":"https:\/\/tobiaturistica.com\/index.php?rest_route=\/wp\/v2\/pages\/11","targetHints":{"allow":["GET"]}}],"collection":[{"href":"https:\/\/tobiaturistica.com\/index.php?rest_route=\/wp\/v2\/pages"}],"about":[{"href":"https:\/\/tobiaturistica.com\/index.php?rest_route=\/wp\/v2\/types\/page"}],"author":[{"embeddable":true,"href":"https:\/\/tobiaturistica.com\/index.php?rest_route=\/wp\/v2\/users\/1"}],"replies":[{"embeddable":true,"href":"https:\/\/tobiaturistica.com\/index.php?rest_route=%2Fwp%2Fv2%2Fcomments&post=11"}],"version-history":[{"count":697,"href":"https:\/\/tobiaturistica.com\/index.php?rest_route=\/wp\/v2\/pages\/11\/revisions"}],"predecessor-version":[{"id":5563,"href":"https:\/\/tobiaturistica.com\/index.php?rest_route=\/wp\/v2\/pages\/11\/revisions\/5563"}],"wp:attachment":[{"href":"https:\/\/tobiaturistica.com\/index.php?rest_route=%2Fwp%2Fv2%2Fmedia&parent=11"}],"curies":[{"name":"wp","href":"https:\/\/api.w.org\/{rel}","templated":true}]}}