{"id":14,"date":"2022-05-27T22:14:58","date_gmt":"2022-05-27T22:14:58","guid":{"rendered":"https:\/\/tobiaturistica.com\/?page_id=14"},"modified":"2025-04-27T19:56:33","modified_gmt":"2025-04-27T19:56:33","slug":"nosotros","status":"publish","type":"page","link":"https:\/\/tobiaturistica.com\/?page_id=14","title":{"rendered":"Nosotros"},"content":{"rendered":" \n<div data-block=\"gutenkit\/container\" data-post-id=\"14\" id=\"block-24e6eb8d-194f-4397-a6b5-60927d0818c0\" class=\"wp-block-gutenkit-container alignfull gkit0818c0 gutenkit-block\"><div class=\"gkit-container-overlay\"><\/div><div class=\"gkit-block__inner\"><\/div><\/div>\n \n\n \n<div data-block=\"gutenkit\/container\" data-post-id=\"14\" id=\"block-e8e431e5-9377-4d39-bbcc-bd198dc8b644\" class=\"wp-block-gutenkit-container alignfull gkitc8b644 gutenkit-block\"><div class=\"gkit-block__inner\"> \n<div data-block=\"gutenkit\/heading\" data-post-id=\"14\" class=\"wp-block-gutenkit-heading gkit-heading-border-position-start gkit46ccf9 gutenkit-block\" id=\"block-f9f17584-172c-4cdb-902b-e35c4399d0ec\"><h2 class=\"gkit-heading-title\">ADVENTURE RIVERS COLOMBIA<\/h2><div class=\"gkit-heading-description\"><p>\u00a1\u00danete a nosotros en esta misi\u00f3n para descubrir la belleza natural de Colombia y contribuir al desarrollo sostenible de la regi\u00f3n!\u00bb<\/p><\/div><\/div>\n \n\n \n<div data-block=\"gutenkit\/container\" data-post-id=\"14\" id=\"block-33d59aca-40e8-4d0c-82e1-825c81a44a46\" class=\"wp-block-gutenkit-container alignfull gkita44a46 gutenkit-block\"><div class=\"gkit-block__inner\"> \n<div data-block=\"gutenkit\/image-box\" data-post-id=\"14\" id=\"block-60e73141-14b0-4d1c-aa5f-b7b5beed59fb\" class=\"wp-block-gutenkit-image-box gkited59fb gutenkit-block\"><div class=\"gkit-info-image-box gkit-image-box simple-card\"><div class=\"gkit-box-header image-box-img-undefined\"><img decoding=\"async\" width=\"2560\" height=\"1920\" loading=\"lazy\" src=\"https:\/\/tobiaturistica.com\/wp-content\/uploads\/2025\/04\/canotaje-utica-scaled.jpg\" class=\"wp-image-4708\" alt=\"\" srcset=\"https:\/\/tobiaturistica.com\/wp-content\/uploads\/2025\/04\/canotaje-utica-scaled.jpg 2560w, https:\/\/tobiaturistica.com\/wp-content\/uploads\/2025\/04\/canotaje-utica-300x225.jpg 300w, https:\/\/tobiaturistica.com\/wp-content\/uploads\/2025\/04\/canotaje-utica-1024x768.jpg 1024w, https:\/\/tobiaturistica.com\/wp-content\/uploads\/2025\/04\/canotaje-utica-768x576.jpg 768w, https:\/\/tobiaturistica.com\/wp-content\/uploads\/2025\/04\/canotaje-utica-1536x1152.jpg 1536w, https:\/\/tobiaturistica.com\/wp-content\/uploads\/2025\/04\/canotaje-utica-2048x1536.jpg 2048w\" sizes=\"auto, (max-width: 2560px) 100vw, 2560px\" \/><\/div><div class=\"gkit-box-body gkit-image-box-body\"><div class=\"gkit-box-content gkit-image-box-body-inner\"><div class=\"gkit-box-body-content\"><div class=\"gkit-info-box\"><h3 identifier=\"imageBox-heading\" class=\"gkit-info-box-title\">MISION<\/h3><\/div><div identifier=\"imageBox-description\" class=\"gkit-box-style-content\">Somos una agencia de viajes especializada en actividades de aventura y descanso en Colombia. Nuestro prop\u00f3sito es mostrar la belleza natural del pais, mientras trabajamos en estrecha colaboraci\u00f3n con las comunidades locales para generar progreso y desarrollo sostenible<\/div><\/div><\/div><\/div><\/div><\/div>\n \n\n \n<div data-block=\"gutenkit\/image-box\" data-post-id=\"14\" id=\"block-91143e6f-c24b-4f33-9880-1e8ccbddb63b\" class=\"wp-block-gutenkit-image-box gkitddb63b gutenkit-block\"><div class=\"gkit-info-image-box gkit-image-box simple-card\"><div class=\"gkit-box-header image-box-img-undefined\"><img decoding=\"async\" width=\"2560\" height=\"1920\" loading=\"lazy\" src=\"https:\/\/tobiaturistica.com\/wp-content\/uploads\/2025\/04\/rafting-en-colombia-scaled.jpg\" class=\"wp-image-4650\" alt=\"\" srcset=\"https:\/\/tobiaturistica.com\/wp-content\/uploads\/2025\/04\/rafting-en-colombia-scaled.jpg 2560w, https:\/\/tobiaturistica.com\/wp-content\/uploads\/2025\/04\/rafting-en-colombia-300x225.jpg 300w, https:\/\/tobiaturistica.com\/wp-content\/uploads\/2025\/04\/rafting-en-colombia-1024x768.jpg 1024w, https:\/\/tobiaturistica.com\/wp-content\/uploads\/2025\/04\/rafting-en-colombia-768x576.jpg 768w, https:\/\/tobiaturistica.com\/wp-content\/uploads\/2025\/04\/rafting-en-colombia-1536x1152.jpg 1536w, https:\/\/tobiaturistica.com\/wp-content\/uploads\/2025\/04\/rafting-en-colombia-2048x1536.jpg 2048w\" sizes=\"auto, (max-width: 2560px) 100vw, 2560px\" \/><\/div><div class=\"gkit-box-body gkit-image-box-body\"><div class=\"gkit-box-content gkit-image-box-body-inner\"><div class=\"gkit-box-body-content\"><div class=\"gkit-info-box\"><h3 identifier=\"imageBox-heading\" class=\"gkit-info-box-title\">VISION<\/h3><\/div><div identifier=\"imageBox-description\" class=\"gkit-box-style-content\"><br>Para el a\u00f1o 2030, seremos una agencia de viajes l\u00edder en Colombia, reconocida por ofrecer experiencias \u00fanicas y aut\u00e9nticas que conectan a nuestros visitantes con la belleza natural y la riqueza cultural de la comunidad local. Nuestros visitantes ser\u00e1n embajadores de la conservaci\u00f3n y el respeto por la naturaleza y la cultura, llevando consigo recuerdos inolvidables y una conexi\u00f3n profunda con el lugar y su gente.<\/div><\/div><\/div><\/div><\/div><\/div>\n \n\n \n<div data-block=\"gutenkit\/image-box\" data-post-id=\"14\" id=\"block-589c1c9c-775a-4b0a-912a-eb92d43858b0\" class=\"wp-block-gutenkit-image-box gkit3858b0 gutenkit-block\"><div class=\"gkit-info-image-box gkit-image-box simple-card\"><div class=\"gkit-box-header image-box-img-undefined\"><img decoding=\"async\" width=\"2560\" height=\"1920\" loading=\"lazy\" src=\"https:\/\/tobiaturistica.com\/wp-content\/uploads\/2025\/04\/beach-scaled.jpg\" class=\"wp-image-4718\" alt=\"\" srcset=\"https:\/\/tobiaturistica.com\/wp-content\/uploads\/2025\/04\/beach-scaled.jpg 2560w, https:\/\/tobiaturistica.com\/wp-content\/uploads\/2025\/04\/beach-300x225.jpg 300w, https:\/\/tobiaturistica.com\/wp-content\/uploads\/2025\/04\/beach-1024x768.jpg 1024w, https:\/\/tobiaturistica.com\/wp-content\/uploads\/2025\/04\/beach-768x576.jpg 768w, https:\/\/tobiaturistica.com\/wp-content\/uploads\/2025\/04\/beach-1536x1152.jpg 1536w, https:\/\/tobiaturistica.com\/wp-content\/uploads\/2025\/04\/beach-2048x1536.jpg 2048w\" sizes=\"auto, (max-width: 2560px) 100vw, 2560px\" \/><\/div><div class=\"gkit-box-body gkit-image-box-body\"><div class=\"gkit-box-content gkit-image-box-body-inner\"><div class=\"gkit-box-body-content\"><div class=\"gkit-info-box\"><h3 identifier=\"imageBox-heading\" class=\"gkit-info-box-title\">OBJETIVOS<\/h3><\/div><div identifier=\"imageBox-description\" class=\"gkit-box-style-content\">Promover el turismo responsable y sostenible en Colombia, destacando la importancia de conservar los r\u00edos, selvas y ecosistemas naturales.<br>Generar oportunidades laborales para las comunidades locales a trav\u00e9s de proyectos tur\u00edsticos que respeten y valoren la cultura y tradiciones de la regi\u00f3n.<\/div><\/div><\/div><\/div><\/div><\/div>\n <\/div><\/div>\n <\/div><\/div>\n \n\n \n<div data-block=\"gutenkit\/container\" data-post-id=\"14\" id=\"block-c23f4f05-5d89-47bf-a007-bd9cf9447fac\" class=\"wp-block-gutenkit-container alignfull gkit447fac gutenkit-block\"><div class=\"gkit-container-overlay\"><\/div><div class=\"gkit-block__inner\"> \n<div data-block=\"gutenkit\/fun-fact\" data-post-id=\"14\" id=\"block-02e36efc-5e25-4be3-bc77-3fea5fabcde8\" class=\"wp-block-gutenkit-fun-fact gkit-funfact gkitabcde8 gutenkit-block\"><div class=\"vertical-bar\"><\/div><div id=\"gkit-funfact-02e36efc-5e25-4be3-bc77-3fea5fabcde8\" class=\"gkit-funfact-inner\" data-animation=\"{&quot;endTime&quot;:100,&quot;duration&quot;:3500,&quot;style&quot;:&quot;static&quot;}\"><div class=\"funfact-content\"><div class=\"number-percentage-wraper\"><span class=\"number-percentage\">0<\/span><span identifier=\"super\" class=\"super\">+<\/span><\/div><h3 identifier=\"heading\" class=\"funfact-title\">Rios Explorados<\/h3><\/div><\/div><\/div>\n \n\n \n<div data-block=\"gutenkit\/fun-fact\" data-post-id=\"14\" id=\"block-5817bb1e-62b6-43d0-8946-b26a74662672\" class=\"wp-block-gutenkit-fun-fact gkit-funfact gkit662672 gutenkit-block\"><div class=\"vertical-bar\"><\/div><div id=\"gkit-funfact-5817bb1e-62b6-43d0-8946-b26a74662672\" class=\"gkit-funfact-inner\" data-animation=\"{&quot;endTime&quot;:29,&quot;duration&quot;:3500,&quot;style&quot;:&quot;static&quot;}\"><div class=\"funfact-content\"><div class=\"number-percentage-wraper\"><span class=\"number-percentage\">0<\/span><span identifier=\"super\" class=\"super\">+<\/span><\/div><h3 identifier=\"heading\" class=\"funfact-title\">Destinos<\/h3><\/div><\/div><\/div>\n \n\n \n<div data-block=\"gutenkit\/fun-fact\" data-post-id=\"14\" id=\"block-c339e2bb-1130-4ac1-bb37-891caa738db4\" class=\"wp-block-gutenkit-fun-fact gkit-funfact gkit738db4 gutenkit-block\"><div class=\"vertical-bar\"><\/div><div id=\"gkit-funfact-c339e2bb-1130-4ac1-bb37-891caa738db4\" class=\"gkit-funfact-inner\" data-animation=\"{&quot;endTime&quot;:50,&quot;duration&quot;:3500,&quot;style&quot;:&quot;static&quot;}\"><div class=\"funfact-content\"><div class=\"number-percentage-wraper\"><span class=\"number-percentage\">0<\/span><span identifier=\"super\" class=\"super\">+<\/span><\/div><h3 identifier=\"heading\" class=\"funfact-title\">Expediciones<\/h3><\/div><\/div><\/div>\n \n\n \n<div data-block=\"gutenkit\/fun-fact\" data-post-id=\"14\" id=\"block-12a76cc8-a20f-407f-b7f3-5bc0734b0a94\" class=\"wp-block-gutenkit-fun-fact gkit-funfact gkit4b0a94 gutenkit-block\"><div class=\"vertical-bar\"><\/div><div id=\"gkit-funfact-12a76cc8-a20f-407f-b7f3-5bc0734b0a94\" class=\"gkit-funfact-inner\" data-animation=\"{&quot;endTime&quot;:10970,&quot;duration&quot;:3500,&quot;style&quot;:&quot;static&quot;}\"><div class=\"funfact-content\"><div class=\"number-percentage-wraper\"><span class=\"number-percentage\">0<\/span><span identifier=\"super\" class=\"super\">+<\/span><\/div><h3 identifier=\"heading\" class=\"funfact-title\">viajeros y contando<\/h3><\/div><\/div><\/div>\n <\/div><\/div>\n ","protected":false},"excerpt":{"rendered":"","protected":false},"author":1,"featured_media":0,"parent":0,"menu_order":0,"comment_status":"closed","ping_status":"closed","template":"","meta":{"_uag_custom_page_level_css":"","postBodyCss":"","postBodyMargin":[],"postBodyPadding":[],"postBodyBackground":{"backgroundType":"classic","gradient":""},"_kad_post_transparent":"disable","_kad_post_title":"hide","_kad_post_layout":"fullwidth","_kad_post_sidebar_id":"","_kad_post_content_style":"unboxed","_kad_post_vertical_padding":"hide","_kad_post_feature":"hide","_kad_post_feature_position":"","_kad_post_header":false,"_kad_post_footer":false,"_kad_post_classname":"","_joinchat":[],"footnotes":""},"class_list":["post-14","page","type-page","status-publish","hentry"],"uagb_featured_image_src":{"full":false,"thumbnail":false,"medium":false,"medium_large":false,"large":false,"1536x1536":false,"2048x2048":false},"uagb_author_info":{"display_name":"mackonen","author_link":"https:\/\/tobiaturistica.com\/author\/tobiatur"},"uagb_comment_info":0,"uagb_excerpt":null,"_links":{"self":[{"href":"https:\/\/tobiaturistica.com\/index.php?rest_route=\/wp\/v2\/pages\/14","targetHints":{"allow":["GET"]}}],"collection":[{"href":"https:\/\/tobiaturistica.com\/index.php?rest_route=\/wp\/v2\/pages"}],"about":[{"href":"https:\/\/tobiaturistica.com\/index.php?rest_route=\/wp\/v2\/types\/page"}],"author":[{"embeddable":true,"href":"https:\/\/tobiaturistica.com\/index.php?rest_route=\/wp\/v2\/users\/1"}],"replies":[{"embeddable":true,"href":"https:\/\/tobiaturistica.com\/index.php?rest_route=%2Fwp%2Fv2%2Fcomments&post=14"}],"version-history":[{"count":301,"href":"https:\/\/tobiaturistica.com\/index.php?rest_route=\/wp\/v2\/pages\/14\/revisions"}],"predecessor-version":[{"id":4721,"href":"https:\/\/tobiaturistica.com\/index.php?rest_route=\/wp\/v2\/pages\/14\/revisions\/4721"}],"wp:attachment":[{"href":"https:\/\/tobiaturistica.com\/index.php?rest_route=%2Fwp%2Fv2%2Fmedia&parent=14"}],"curies":[{"name":"wp","href":"https:\/\/api.w.org\/{rel}","templated":true}]}}