{"id":34,"date":"2022-05-27T22:27:09","date_gmt":"2022-05-27T22:27:09","guid":{"rendered":"https:\/\/tobiaturistica.com\/?page_id=34"},"modified":"2025-08-22T15:21:24","modified_gmt":"2025-08-22T15:21:24","slug":"torrentismo","status":"publish","type":"page","link":"https:\/\/tobiaturistica.com\/?page_id=34","title":{"rendered":"Escalada y Descenso"},"content":{"rendered":" \n<div data-block=\"gutenkit\/container\" data-post-id=\"34\" id=\"block-8af112e4-98cf-4237-8d30-733cdda7e6a6\" class=\"wp-block-gutenkit-container alignfull gkita7e6a6 gutenkit-block\"><div class=\"gkit-container-overlay\"><\/div><div class=\"gkit-block__inner\"> \n<div data-block=\"gutenkit\/heading\" data-post-id=\"34\" class=\"wp-block-gutenkit-heading gkit-heading-border-position-start gkitc4128c gutenkit-block\" id=\"block-9111cbb4-2553-41ee-930b-52c650363e09\"><h2 class=\"gkit-heading-title\">Tur&nbsp;<strong>Escalada<br><\/strong>&amp; Descenso <\/h2><\/div>\n \n\n \n<div data-block=\"gutenkit\/container\" data-post-id=\"34\" id=\"block-a3dbd35f-a4f0-4a8f-b04d-b965b4789572\" class=\"wp-block-gutenkit-container gkit-block-custom-wide gkit789572 gutenkit-block\"><div class=\"gkit-block__inner\"> \n<div data-block=\"gutenkit\/button\" data-post-id=\"34\" id=\"block-4abc1178-1a02-46d2-8583-ea5db95778ce\" class=\"wp-block-gutenkit-button gkit5778ce gutenkit-block\"><div class=\"gkit-btn-wraper\"><a class=\"gkit-btn\" href=\"https:\/\/tobiaturistica.com\/?page_id=1229\">reservar<\/a><\/div><\/div>\n \n\n \n<div data-block=\"gutenkit\/video\" data-post-id=\"34\" id=\"block-5c332f00-46cc-4c11-9e47-dfadfa13ad69\" class=\"wp-block-gutenkit-video gkit13ad69 gutenkit-block\"><div class=\"video-content\" id=\"video-content\" data-settings=\"{&quot;videoStyleOptions&quot;:&quot;popup&quot;,&quot;videoType&quot;:&quot;youtube&quot;,&quot;playerControl&quot;:true,&quot;isAutoPlay&quot;:false,&quot;isVideoMute&quot;:true,&quot;isVideoLoop&quot;:false,&quot;isPlayOnMobile&quot;:true,&quot;isImageOverlay&quot;:false,&quot;overlayPlayIcon&quot;:false,&quot;overlayLightbox&quot;:false,&quot;videoStartTime&quot;:0,&quot;videoEndTime&quot;:&quot;&quot;,&quot;isIntroTitle&quot;:false,&quot;isIntroPortrait&quot;:false,&quot;isIntroByLine&quot;:false,&quot;getYoutubeVideoId&quot;:&quot;0m0fmuL5U4c&quot;,&quot;videoPreLoad&quot;:&quot;auto&quot;,&quot;selfVideoURL&quot;:&quot;https:\/\/wpmet.com\/plugin\/elementskit\/wp-content\/uploads\/2022\/11\/selfhosted_video.mp4&quot;,&quot;isDownloadButton&quot;:true,&quot;isPlayerControlsEnabled&quot;:true,&quot;gkitVideoCloseButtonIcon&quot;:{&quot;title&quot;:&quot;cross&quot;,&quot;src&quot;:&quot;<svg xmlns=\\&quot;http:\/\/www.w3.org\/2000\/svg\\&quot; viewBox=\\&quot;0 0 32 32\\&quot;&gt;<path d=\\&quot;M17.131 16.8l9.034-9.034c0.312-0.312 0.312-0.819 0-1.131s-0.819-0.312-1.131 0l-9.034 9.034-9.034-9.034c-0.312-0.312-0.819-0.312-1.131 0s-0.312 0.819 0 1.131l9.034 9.034-9.034 9.034c-0.312 0.312-0.312 0.819 0 1.131 0.156 0.156 0.361 0.234 0.566 0.234s0.409-0.078 0.566-0.234l9.034-9.034 9.034 9.034c0.156 0.156 0.361 0.234 0.566 0.234s0.409-0.078 0.566-0.234c0.312-0.312 0.312-0.819 0-1.131l-9.034-9.034z\\&quot;&gt;<\/path&gt;<\/svg&gt;&quot;},&quot;wrapperClass&quot;:&quot;gkit13ad69&quot;}\"><a data-fancybox=\"true\" data-src=\"https:\/\/youtube.com\/shorts\/0m0fmuL5U4c\" data-custom-class=\"gkit-video-popup-yt\" href=\"#\" class=\"gkit_icon_button glow-btn \n       color-glow gkit-video-popup gkit-video-popup-btn fancybox.iframe\" aria-label=\"Play Video\"><span class=\"icon-play\"><svg version=\"1.1\" xmlns=\"http:\/\/www.w3.org\/2000\/svg\" width=\"32\" height=\"32\" viewBox=\"0 0 32 32\" class=\"gkit-icon\">\n<title>play-button<\/title>\n<path d=\"M27.481 15.773l-22.096-15.238c-0.234-0.161-0.537-0.178-0.787-0.047-0.251 0.132-0.408 0.391-0.408 0.674v30.477c0 0.283 0.157 0.543 0.408 0.675 0.111 0.058 0.233 0.087 0.354 0.087 0.152 0 0.302-0.046 0.433-0.135l22.096-15.238c0.206-0.142 0.329-0.376 0.329-0.627s-0.123-0.485-0.329-0.627z\"><\/path>\n<\/svg>\n<\/span><\/a><\/div><\/div>\n <\/div><\/div>\n <\/div><\/div>\n \n\n \n<div data-block=\"gutenkit\/container\" data-post-id=\"34\" id=\"block-e5015c93-97e9-4b86-a6b5-77dcbb8e506e\" class=\"wp-block-gutenkit-container alignfull gkit8e506e gutenkit-block\"><div class=\"gkit-block__inner\"> \n<div data-block=\"gutenkit\/container\" data-post-id=\"34\" id=\"block-d0aa8b49-0210-49f4-875f-a261255ee9c0\" class=\"wp-block-gutenkit-container gkit-block-custom-wide gkit5ee9c0 gutenkit-block\"><div class=\"gkit-block__inner\"> \n<div data-block=\"gutenkit\/heading\" data-post-id=\"34\" class=\"wp-block-gutenkit-heading gkit-heading-border-position-start gkit215af4 gutenkit-block\" id=\"block-9ca8fecf-66c3-479d-9d2a-1a592ff32ee6\"><h3 class=\"gkit-heading-subtitle\">escalada y descenso<\/h3><h2 class=\"gkit-heading-title\">Salto De Cabuyal<\/h2><div class=\"gkit-heading-description\"><p>\u00ab\u00a1Conquista la cascada m\u00e1s alta de Tob\u00eda! Escala hasta la cima y desciende por el torrente de agua en una aventura emocionante. \u00a1La naturaleza en estado puro te espera!\u00bb<\/p><\/div><\/div>\n \n\n \n<a data-block=\"gutenkit\/icon-box\" data-post-id=\"34\" id=\"block-7d4ae5af-8586-400b-a1b0-28f2b85f3ff8\" class=\"wp-block-gutenkit-icon-box gkit-icon-box gkit5f3ff8 gutenkit-block\"><div class=\"gkit-icon-box-header gkit-icon-box-header-icon\"><svg xmlns=\"http:\/\/www.w3.org\/2000\/svg\" viewBox=\"0 0 640 512\" class=\"gkit-icon\"><path d=\"M322.1 252v-1l-51.2-65.8s-12 1.6-25 15.1c-9 9.3-242.1 239.1-243.4 240.9-7 10 1.6 6.8 15.7 1.7.8 0 114.5-36.6 114.5-36.6.5-.6-.1-.1.6-.6-.4-5.1-.8-26.2-1-27.7-.6-5.2 2.2-6.9 7-8.9l92.6-33.8c.6-.8 88.5-81.7 90.2-83.3zm160.1 120.1c13.3 16.1 20.7 13.3 30.8 9.3 3.2-1.2 115.4-47.6 117.8-48.9 8-4.3-1.7-16.7-7.2-23.4-2.1-2.5-205.1-245.6-207.2-248.3-9.7-12.2-14.3-12.9-38.4-12.8-10.2 0-106.8.5-116.5.6-19.2.1-32.9-.3-19.2 16.9C250 75 476.5 365.2 482.2 372.1zm152.7 1.6c-2.3-.3-24.6-4.7-38-7.2 0 0-115 50.4-117.5 51.6-16 7.3-26.9-3.2-36.7-14.6l-57.1-74c-5.4-.9-60.4-9.6-65.3-9.3-3.1.2-9.6.8-14.4 2.9-4.9 2.1-145.2 52.8-150.2 54.7-5.1 2-11.4 3.6-11.1 7.6.2 2.5 2 2.6 4.6 3.5 2.7.8 300.9 67.6 308 69.1 15.6 3.3 38.5 10.5 53.6 1.7 2.1-1.2 123.8-76.4 125.8-77.8 5.4-4 4.3-6.8-1.7-8.2z\"\/><\/svg><\/div><div class=\"gkit-icon-box-body\"><p identifier=\"title\" class=\"gkit-icon-box-title\">El Plan Incluye<\/p><p identifier=\"content\" class=\"gkit-icon-box-description\">\ud83d\ude8d Transportes desde el punto de encuentro hasta el sitio.<br>\ud83d\udde3 Preparacion Tecnica.<br>\ud83e\uddd7\u200d\u2640\ufe0f 50 metros de descenso.<br>\ud83c\udfcc\ufe0f\u200d\u2640\ufe0f 50 metros de via ferrata para escalar.<br>\ud83d\udc68\u200d\ud83e\uddafCaminata ecologica 15 minutos.<br>\ud83d\ude91 Asisatencia medica. Seguro Colasistencia.<br>\ud83e\udd47 Guias Locales Calificados.<br>\ud83d\udcdc Equipos certificados.<br><\/p><\/div><\/a>\n \n\n \n<a data-block=\"gutenkit\/icon-box\" data-post-id=\"34\" id=\"block-c9a05ac2-de42-491c-9c77-e44e81e731d9\" class=\"wp-block-gutenkit-icon-box gkit-icon-box gkite731d9 gutenkit-block\"><div class=\"gkit-icon-box-header gkit-icon-box-header-icon\"><svg xmlns=\"http:\/\/www.w3.org\/2000\/svg\" viewBox=\"0 0 32 32\" class=\"gkit-icon\">\n<path d=\"M21.334 2h-10.668l9.6 18h10.668z\"><\/path>\n<path d=\"M9.494 4.052l-9.494 16.614 5.334 9.334 9.31-16.292z\"><\/path>\n<path d=\"M12.208 22l-4.572 8h19.364l5-8z\"><\/path>\n<\/svg><\/div><div class=\"gkit-icon-box-body\"><p identifier=\"title\" class=\"gkit-icon-box-title\">\u00a1Lo que debes tener en cuenta!<\/p><p identifier=\"content\" class=\"gkit-icon-box-description\">\u2714Grupos a partir de 2 personas.<br>\u2714 Si aceptamos mascotas(caninos).<br>\u2714Traer ropa ligera en lo posible licrado de secado r\u00e1pido y tenis o sandalias de amarrar.<br>\u2714Traer repelente y bloqueador solar.<br>\u2714La reserva se debe hacer con aticipacion y se solicita numero de documentos y nombres completos.<br>\u2714Ni\u00f1os a partir de los 7 a\u00f1os y adultos hasta los 60 a\u00f1os fisicamente bien.<br>\u2714La reserva se puede reprogramar una vez y tienes 2 meses para aplazamiento, de lo contrario no se hace devolucion de la reserva.<br>\u2714No se aceptan personas en estado de alicoramiento y no hay devoluciones.<\/p><\/div><\/a>\n \n\n \n<div data-block=\"gutenkit\/button\" data-post-id=\"34\" id=\"block-c5b75e88-da05-4fa1-a920-aed37d96ec82\" class=\"wp-block-gutenkit-button gkit96ec82 gutenkit-block\"><div class=\"gkit-btn-wraper\"><a class=\"gkit-btn\" href=\"https:\/\/wa.me\/573107215568\" target=\"_blank\" rel=\"noopener\">programar  el tur<\/a><\/div><\/div>\n <\/div><\/div>\n \n\n \n<div data-block=\"gutenkit\/container\" data-post-id=\"34\" id=\"block-5f181813-f384-4161-a07c-e5936e6954f7\" class=\"wp-block-gutenkit-container gkit-block-custom-wide gkit6954f7 gutenkit-block\"><div class=\"gkit-block__inner\">\t\t\t\t\t<div\n\t\t\t\t\t\tclass=\"wp-block-uagb-image-gallery uagb-block-799231ad     \"\n\t\t\t\t\t\tstyle=\"\"\n\t\t\t\t\t>\n\t\t\t\t\t\t\t\t\t\t\t<div class=\"spectra-image-gallery spectra-image-gallery__layout--grid spectra-image-gallery__layout--grid-col-3 spectra-image-gallery__layout--grid-col-tab-3 spectra-image-gallery__layout--grid-col-mob-2\">\n\t\t\t\t\t\t\t\t\t\t\t<div class='spectra-image-gallery__media-wrapper' data-spectra-gallery-image-id='4917' tabindex=\"0\">\n\t\t\t\t\t\t\t<div class=\"spectra-image-gallery__media spectra-image-gallery__media--grid\">\n\t\t\t\t<picture>\n\t\t\t\t\t<source media=\"(min-width: 1024px)\" srcset=\"https:\/\/tobiaturistica.com\/wp-content\/uploads\/2025\/04\/cascada-713x1024.jpg\">\n\t\t\t\t\t<source media=\"(min-width: 768px)\" srcset=\"https:\/\/tobiaturistica.com\/wp-content\/uploads\/2025\/04\/cascada-713x1024.jpg\">\n\t\t\t\t\t<img decoding=\"async\" class=\"spectra-image-gallery__media-thumbnail spectra-image-gallery__media-thumbnail--grid\" src=\"https:\/\/tobiaturistica.com\/wp-content\/uploads\/2025\/04\/cascada-209x300.jpg\" alt=\"\" loading=\"lazy\" \/>\n\t\t\t\t<\/picture>\n\t\t\t\t<div class=\"spectra-image-gallery__media-thumbnail-blurrer\"><\/div>\n\t\t\t\t\t\t\t\t\t\t\t<div class=\"spectra-image-gallery__media-thumbnail-caption-wrapper spectra-image-gallery__media-thumbnail-caption-wrapper--overlay\"><\/div>\n\t\t\t\t\t\t\t\t<\/div>\n\t\t\t\t\t\t<\/div>\n\t\t\t\t\t\t<div class='spectra-image-gallery__media-wrapper' data-spectra-gallery-image-id='4932' tabindex=\"0\">\n\t\t\t\t\t\t\t<div class=\"spectra-image-gallery__media spectra-image-gallery__media--grid\">\n\t\t\t\t<picture>\n\t\t\t\t\t<source media=\"(min-width: 1024px)\" srcset=\"https:\/\/tobiaturistica.com\/wp-content\/uploads\/2025\/04\/torrentismo-tobia-1-768x1024.jpg\">\n\t\t\t\t\t<source media=\"(min-width: 768px)\" srcset=\"https:\/\/tobiaturistica.com\/wp-content\/uploads\/2025\/04\/torrentismo-tobia-1-768x1024.jpg\">\n\t\t\t\t\t<img decoding=\"async\" class=\"spectra-image-gallery__media-thumbnail spectra-image-gallery__media-thumbnail--grid\" src=\"https:\/\/tobiaturistica.com\/wp-content\/uploads\/2025\/04\/torrentismo-tobia-1-225x300.jpg\" alt=\"\" loading=\"lazy\" \/>\n\t\t\t\t<\/picture>\n\t\t\t\t<div class=\"spectra-image-gallery__media-thumbnail-blurrer\"><\/div>\n\t\t\t\t\t\t\t\t\t\t\t<div class=\"spectra-image-gallery__media-thumbnail-caption-wrapper spectra-image-gallery__media-thumbnail-caption-wrapper--overlay\"><\/div>\n\t\t\t\t\t\t\t\t<\/div>\n\t\t\t\t\t\t<\/div>\n\t\t\t\t\t\t<div class='spectra-image-gallery__media-wrapper' data-spectra-gallery-image-id='4928' tabindex=\"0\">\n\t\t\t\t\t\t\t<div class=\"spectra-image-gallery__media spectra-image-gallery__media--grid\">\n\t\t\t\t<picture>\n\t\t\t\t\t<source media=\"(min-width: 1024px)\" srcset=\"https:\/\/tobiaturistica.com\/wp-content\/uploads\/2025\/04\/cascada-de-colombia-768x1024.jpg\">\n\t\t\t\t\t<source media=\"(min-width: 768px)\" srcset=\"https:\/\/tobiaturistica.com\/wp-content\/uploads\/2025\/04\/cascada-de-colombia-768x1024.jpg\">\n\t\t\t\t\t<img decoding=\"async\" class=\"spectra-image-gallery__media-thumbnail spectra-image-gallery__media-thumbnail--grid\" src=\"https:\/\/tobiaturistica.com\/wp-content\/uploads\/2025\/04\/cascada-de-colombia-225x300.jpg\" alt=\"\" loading=\"lazy\" \/>\n\t\t\t\t<\/picture>\n\t\t\t\t<div class=\"spectra-image-gallery__media-thumbnail-blurrer\"><\/div>\n\t\t\t\t\t\t\t\t\t\t\t<div class=\"spectra-image-gallery__media-thumbnail-caption-wrapper spectra-image-gallery__media-thumbnail-caption-wrapper--overlay\"><\/div>\n\t\t\t\t\t\t\t\t<\/div>\n\t\t\t\t\t\t<\/div>\n\t\t\t\t\t\t<div class='spectra-image-gallery__media-wrapper' data-spectra-gallery-image-id='4933' tabindex=\"0\">\n\t\t\t\t\t\t\t<div class=\"spectra-image-gallery__media spectra-image-gallery__media--grid\">\n\t\t\t\t<picture>\n\t\t\t\t\t<source media=\"(min-width: 1024px)\" srcset=\"https:\/\/tobiaturistica.com\/wp-content\/uploads\/2025\/04\/torrentismo-1-576x1024.jpg\">\n\t\t\t\t\t<source media=\"(min-width: 768px)\" srcset=\"https:\/\/tobiaturistica.com\/wp-content\/uploads\/2025\/04\/torrentismo-1-576x1024.jpg\">\n\t\t\t\t\t<img decoding=\"async\" class=\"spectra-image-gallery__media-thumbnail spectra-image-gallery__media-thumbnail--grid\" src=\"https:\/\/tobiaturistica.com\/wp-content\/uploads\/2025\/04\/torrentismo-1-169x300.jpg\" alt=\"\" loading=\"lazy\" \/>\n\t\t\t\t<\/picture>\n\t\t\t\t<div class=\"spectra-image-gallery__media-thumbnail-blurrer\"><\/div>\n\t\t\t\t\t\t\t\t\t\t\t<div class=\"spectra-image-gallery__media-thumbnail-caption-wrapper spectra-image-gallery__media-thumbnail-caption-wrapper--overlay\"><\/div>\n\t\t\t\t\t\t\t\t<\/div>\n\t\t\t\t\t\t<\/div>\n\t\t\t\t\t\t<div class='spectra-image-gallery__media-wrapper' data-spectra-gallery-image-id='4926' tabindex=\"0\">\n\t\t\t\t\t\t\t<div class=\"spectra-image-gallery__media spectra-image-gallery__media--grid\">\n\t\t\t\t<picture>\n\t\t\t\t\t<source media=\"(min-width: 1024px)\" srcset=\"https:\/\/tobiaturistica.com\/wp-content\/uploads\/2025\/04\/casacada-en-tobia-768x1024.jpg\">\n\t\t\t\t\t<source media=\"(min-width: 768px)\" srcset=\"https:\/\/tobiaturistica.com\/wp-content\/uploads\/2025\/04\/casacada-en-tobia-768x1024.jpg\">\n\t\t\t\t\t<img decoding=\"async\" class=\"spectra-image-gallery__media-thumbnail spectra-image-gallery__media-thumbnail--grid\" src=\"https:\/\/tobiaturistica.com\/wp-content\/uploads\/2025\/04\/casacada-en-tobia-225x300.jpg\" alt=\"\" loading=\"lazy\" \/>\n\t\t\t\t<\/picture>\n\t\t\t\t<div class=\"spectra-image-gallery__media-thumbnail-blurrer\"><\/div>\n\t\t\t\t\t\t\t\t\t\t\t<div class=\"spectra-image-gallery__media-thumbnail-caption-wrapper spectra-image-gallery__media-thumbnail-caption-wrapper--overlay\"><\/div>\n\t\t\t\t\t\t\t\t<\/div>\n\t\t\t\t\t\t<\/div>\n\t\t\t\t\t\t<div class='spectra-image-gallery__media-wrapper' data-spectra-gallery-image-id='4931' tabindex=\"0\">\n\t\t\t\t\t\t\t<div class=\"spectra-image-gallery__media spectra-image-gallery__media--grid\">\n\t\t\t\t<picture>\n\t\t\t\t\t<source media=\"(min-width: 1024px)\" srcset=\"https:\/\/tobiaturistica.com\/wp-content\/uploads\/2025\/04\/tobia-turistica-1024x683.jpg\">\n\t\t\t\t\t<source media=\"(min-width: 768px)\" srcset=\"https:\/\/tobiaturistica.com\/wp-content\/uploads\/2025\/04\/tobia-turistica-1024x683.jpg\">\n\t\t\t\t\t<img decoding=\"async\" class=\"spectra-image-gallery__media-thumbnail spectra-image-gallery__media-thumbnail--grid\" src=\"https:\/\/tobiaturistica.com\/wp-content\/uploads\/2025\/04\/tobia-turistica-300x200.jpg\" alt=\"\" loading=\"lazy\" \/>\n\t\t\t\t<\/picture>\n\t\t\t\t<div class=\"spectra-image-gallery__media-thumbnail-blurrer\"><\/div>\n\t\t\t\t\t\t\t\t\t\t\t<div class=\"spectra-image-gallery__media-thumbnail-caption-wrapper spectra-image-gallery__media-thumbnail-caption-wrapper--overlay\"><\/div>\n\t\t\t\t\t\t\t\t<\/div>\n\t\t\t\t\t\t<\/div>\n\t\t\t\t\t\t<div class='spectra-image-gallery__media-wrapper' data-spectra-gallery-image-id='4934' tabindex=\"0\">\n\t\t\t\t\t\t\t<div class=\"spectra-image-gallery__media spectra-image-gallery__media--grid\">\n\t\t\t\t<picture>\n\t\t\t\t\t<source media=\"(min-width: 1024px)\" srcset=\"https:\/\/tobiaturistica.com\/wp-content\/uploads\/2025\/04\/caminta-ecologica-768x1024.jpg\">\n\t\t\t\t\t<source media=\"(min-width: 768px)\" srcset=\"https:\/\/tobiaturistica.com\/wp-content\/uploads\/2025\/04\/caminta-ecologica-768x1024.jpg\">\n\t\t\t\t\t<img decoding=\"async\" class=\"spectra-image-gallery__media-thumbnail spectra-image-gallery__media-thumbnail--grid\" src=\"https:\/\/tobiaturistica.com\/wp-content\/uploads\/2025\/04\/caminta-ecologica-225x300.jpg\" alt=\"\" loading=\"lazy\" \/>\n\t\t\t\t<\/picture>\n\t\t\t\t<div class=\"spectra-image-gallery__media-thumbnail-blurrer\"><\/div>\n\t\t\t\t\t\t\t\t\t\t\t<div class=\"spectra-image-gallery__media-thumbnail-caption-wrapper spectra-image-gallery__media-thumbnail-caption-wrapper--overlay\"><\/div>\n\t\t\t\t\t\t\t\t<\/div>\n\t\t\t\t\t\t<\/div>\n\t\t\t\t\t\t<div class='spectra-image-gallery__media-wrapper' data-spectra-gallery-image-id='4930' tabindex=\"0\">\n\t\t\t\t\t\t\t<div class=\"spectra-image-gallery__media spectra-image-gallery__media--grid\">\n\t\t\t\t<picture>\n\t\t\t\t\t<source media=\"(min-width: 1024px)\" srcset=\"https:\/\/tobiaturistica.com\/wp-content\/uploads\/2025\/04\/tobia-torrentismo-768x1024.jpg\">\n\t\t\t\t\t<source media=\"(min-width: 768px)\" srcset=\"https:\/\/tobiaturistica.com\/wp-content\/uploads\/2025\/04\/tobia-torrentismo-768x1024.jpg\">\n\t\t\t\t\t<img decoding=\"async\" class=\"spectra-image-gallery__media-thumbnail spectra-image-gallery__media-thumbnail--grid\" src=\"https:\/\/tobiaturistica.com\/wp-content\/uploads\/2025\/04\/tobia-torrentismo-225x300.jpg\" alt=\"\" loading=\"lazy\" \/>\n\t\t\t\t<\/picture>\n\t\t\t\t<div class=\"spectra-image-gallery__media-thumbnail-blurrer\"><\/div>\n\t\t\t\t\t\t\t\t\t\t\t<div class=\"spectra-image-gallery__media-thumbnail-caption-wrapper spectra-image-gallery__media-thumbnail-caption-wrapper--overlay\"><\/div>\n\t\t\t\t\t\t\t\t<\/div>\n\t\t\t\t\t\t<\/div>\n\t\t\t\t\t\t\t\t\t\t<\/div>\n\t\t\t\t\t\t\t\t\t\t\t\t\t\t\t\t\t\t<\/div>\n\t\t\t\t\t\t\t\t\t\t\t<div class='spectra-image-gallery__control-lightbox' tabindex='0'>\n\t\t\t\t\t\t\t\t\t\t\t<div class=\"swiper spectra-image-gallery__control-lightbox--main\" dir=\"\">\n\t\t\t\t\t<div class=\"swiper-wrapper\">\n\t\t\t\t\t\t\t\t\t\t\t\t\t\n\t\t\t\t\t\t\t<div class=\"swiper-slide\">\n\t\t\t\t\t\t\t\t<img loading=\"lazy\" class=\"swiper-lazy\" data-src=\"https:\/\/tobiaturistica.com\/wp-content\/uploads\/2025\/04\/cascada-scaled.jpg\" alt=\"\"\/>\n\t\t\t\t\t\t\t\t<div class=\"swiper-lazy-preloader swiper-lazy-preloader-white\"><\/div>\n\t\t\t\t\t\t\t\t\t\t\t\t\t\t\t<\/div>\n\t\t\t\t\t\t\t\t\t\t\t\t\t\n\t\t\t\t\t\t\t<div class=\"swiper-slide\">\n\t\t\t\t\t\t\t\t<img loading=\"lazy\" class=\"swiper-lazy\" data-src=\"https:\/\/tobiaturistica.com\/wp-content\/uploads\/2025\/04\/torrentismo-tobia-1-scaled.jpg\" alt=\"\"\/>\n\t\t\t\t\t\t\t\t<div class=\"swiper-lazy-preloader swiper-lazy-preloader-white\"><\/div>\n\t\t\t\t\t\t\t\t\t\t\t\t\t\t\t<\/div>\n\t\t\t\t\t\t\t\t\t\t\t\t\t\n\t\t\t\t\t\t\t<div class=\"swiper-slide\">\n\t\t\t\t\t\t\t\t<img loading=\"lazy\" class=\"swiper-lazy\" data-src=\"https:\/\/tobiaturistica.com\/wp-content\/uploads\/2025\/04\/cascada-de-colombia-scaled.jpg\" alt=\"\"\/>\n\t\t\t\t\t\t\t\t<div class=\"swiper-lazy-preloader swiper-lazy-preloader-white\"><\/div>\n\t\t\t\t\t\t\t\t\t\t\t\t\t\t\t<\/div>\n\t\t\t\t\t\t\t\t\t\t\t\t\t\n\t\t\t\t\t\t\t<div class=\"swiper-slide\">\n\t\t\t\t\t\t\t\t<img loading=\"lazy\" class=\"swiper-lazy\" data-src=\"https:\/\/tobiaturistica.com\/wp-content\/uploads\/2025\/04\/torrentismo-1-scaled.jpg\" alt=\"\"\/>\n\t\t\t\t\t\t\t\t<div class=\"swiper-lazy-preloader swiper-lazy-preloader-white\"><\/div>\n\t\t\t\t\t\t\t\t\t\t\t\t\t\t\t<\/div>\n\t\t\t\t\t\t\t\t\t\t\t\t\t\n\t\t\t\t\t\t\t<div class=\"swiper-slide\">\n\t\t\t\t\t\t\t\t<img loading=\"lazy\" class=\"swiper-lazy\" data-src=\"https:\/\/tobiaturistica.com\/wp-content\/uploads\/2025\/04\/casacada-en-tobia-scaled.jpg\" alt=\"\"\/>\n\t\t\t\t\t\t\t\t<div class=\"swiper-lazy-preloader swiper-lazy-preloader-white\"><\/div>\n\t\t\t\t\t\t\t\t\t\t\t\t\t\t\t<\/div>\n\t\t\t\t\t\t\t\t\t\t\t\t\t\n\t\t\t\t\t\t\t<div class=\"swiper-slide\">\n\t\t\t\t\t\t\t\t<img loading=\"lazy\" class=\"swiper-lazy\" data-src=\"https:\/\/tobiaturistica.com\/wp-content\/uploads\/2025\/04\/tobia-turistica-scaled.jpg\" alt=\"\"\/>\n\t\t\t\t\t\t\t\t<div class=\"swiper-lazy-preloader swiper-lazy-preloader-white\"><\/div>\n\t\t\t\t\t\t\t\t\t\t\t\t\t\t\t<\/div>\n\t\t\t\t\t\t\t\t\t\t\t\t\t\n\t\t\t\t\t\t\t<div class=\"swiper-slide\">\n\t\t\t\t\t\t\t\t<img loading=\"lazy\" class=\"swiper-lazy\" data-src=\"https:\/\/tobiaturistica.com\/wp-content\/uploads\/2025\/04\/caminta-ecologica-scaled.jpg\" alt=\"\"\/>\n\t\t\t\t\t\t\t\t<div class=\"swiper-lazy-preloader swiper-lazy-preloader-white\"><\/div>\n\t\t\t\t\t\t\t\t\t\t\t\t\t\t\t<\/div>\n\t\t\t\t\t\t\t\t\t\t\t\t\t\n\t\t\t\t\t\t\t<div class=\"swiper-slide\">\n\t\t\t\t\t\t\t\t<img loading=\"lazy\" class=\"swiper-lazy\" data-src=\"https:\/\/tobiaturistica.com\/wp-content\/uploads\/2025\/04\/tobia-torrentismo-scaled.jpg\" alt=\"\"\/>\n\t\t\t\t\t\t\t\t<div class=\"swiper-lazy-preloader swiper-lazy-preloader-white\"><\/div>\n\t\t\t\t\t\t\t\t\t\t\t\t\t\t\t<\/div>\n\t\t\t\t\t\t\t\t\t\t\t<\/div>\n\t\t\t\t\t<div class=\"swiper-button-next\"><\/div>\n\t\t\t\t\t<div class=\"swiper-button-prev\"><\/div>\n\t\t\t\t<\/div>\t\t\t\n\t\t\t\t\t\t\t\t\t\t\t\t\t\t\t\t\t\t\t\t\t\t\t\t\t\t\t\t\t\t\t\t<button class='spectra-image-gallery__control-lightbox--close' aria-label=\"Close\">\n\t\t\t\t\t\t\t\t\t\t\t\t\t<svg xmlns=\"https:\/\/www.w3.org\/2000\/svg\" viewBox= \"0 0 320 512\"><path d=\"M310.6 361.4c12.5 12.5 12.5 32.75 0 45.25C304.4 412.9 296.2 416 288 416s-16.38-3.125-22.62-9.375L160 301.3L54.63 406.6C48.38 412.9 40.19 416 32 416S15.63 412.9 9.375 406.6c-12.5-12.5-12.5-32.75 0-45.25l105.4-105.4L9.375 150.6c-12.5-12.5-12.5-32.75 0-45.25s32.75-12.5 45.25 0L160 210.8l105.4-105.4c12.5-12.5 32.75-12.5 45.25 0s12.5 32.75 0 45.25l-105.4 105.4L310.6 361.4z\"><\/path><\/svg>\n\t\t\t\t\t\t\t\t\t\t\t\t<\/button>\n\t\t\t\t\t\t\t\t\t\t\t\t\t<\/div>\n\t\t\t\t\t\t\t\t\t<\/div><\/div>\n <\/div><\/div>\n \n\n \n<div data-block=\"gutenkit\/container\" data-post-id=\"34\" id=\"block-81f27ef4-36b2-4a28-9228-580cf8d1fbc1\" class=\"wp-block-gutenkit-container alignfull gkitd1fbc1 gutenkit-block\"><div class=\"gkit-container-overlay\"><\/div><div class=\"gkit-block__inner\"> \n<div data-block=\"gutenkit\/heading\" data-post-id=\"34\" class=\"wp-block-gutenkit-heading gkit-heading-border-position-start gkit7bb227 gutenkit-block\" id=\"block-43c683d7-cf6c-4738-ac36-306518d66129\"><h2 class=\"gkit-heading-title\">Nuestro Viaje<\/h2><div class=\"gkit-heading-description\"><p>\u00ab\u00a1\u00bb\u00a1Desciende por la cascada! Un torrente de agua y adrenalina!\u00bb<\/p><\/div><\/div>\n \n\n \n<div data-block=\"gutenkit\/video\" data-post-id=\"34\" id=\"block-d49d853e-cfc5-4111-a40f-60a32ba0acdd\" class=\"wp-block-gutenkit-video gkita0acdd gutenkit-block\"><div class=\"video-content\" id=\"video-content\" data-settings=\"{&quot;videoStyleOptions&quot;:&quot;popup&quot;,&quot;videoType&quot;:&quot;youtube&quot;,&quot;playerControl&quot;:true,&quot;isAutoPlay&quot;:false,&quot;isVideoMute&quot;:true,&quot;isVideoLoop&quot;:false,&quot;isPlayOnMobile&quot;:true,&quot;isImageOverlay&quot;:false,&quot;overlayPlayIcon&quot;:false,&quot;overlayLightbox&quot;:false,&quot;videoStartTime&quot;:0,&quot;videoEndTime&quot;:&quot;&quot;,&quot;isIntroTitle&quot;:false,&quot;isIntroPortrait&quot;:false,&quot;isIntroByLine&quot;:false,&quot;getYoutubeVideoId&quot;:&quot;q9V8_yJ-F4Q&quot;,&quot;videoPreLoad&quot;:&quot;auto&quot;,&quot;selfVideoURL&quot;:&quot;https:\/\/wpmet.com\/plugin\/elementskit\/wp-content\/uploads\/2022\/11\/selfhosted_video.mp4&quot;,&quot;isDownloadButton&quot;:true,&quot;isPlayerControlsEnabled&quot;:true,&quot;gkitVideoCloseButtonIcon&quot;:{&quot;title&quot;:&quot;cross&quot;,&quot;src&quot;:&quot;<svg xmlns=\\&quot;http:\/\/www.w3.org\/2000\/svg\\&quot; viewBox=\\&quot;0 0 32 32\\&quot;&gt;<path d=\\&quot;M17.131 16.8l9.034-9.034c0.312-0.312 0.312-0.819 0-1.131s-0.819-0.312-1.131 0l-9.034 9.034-9.034-9.034c-0.312-0.312-0.819-0.312-1.131 0s-0.312 0.819 0 1.131l9.034 9.034-9.034 9.034c-0.312 0.312-0.312 0.819 0 1.131 0.156 0.156 0.361 0.234 0.566 0.234s0.409-0.078 0.566-0.234l9.034-9.034 9.034 9.034c0.156 0.156 0.361 0.234 0.566 0.234s0.409-0.078 0.566-0.234c0.312-0.312 0.312-0.819 0-1.131l-9.034-9.034z\\&quot;&gt;<\/path&gt;<\/svg&gt;&quot;},&quot;wrapperClass&quot;:&quot;gkita0acdd&quot;}\"><a data-fancybox=\"true\" data-src=\"https:\/\/youtube.com\/shorts\/q9V8_yJ-F4Q\" data-custom-class=\"gkit-video-popup-yt\" href=\"#\" class=\"gkit_icon_button glow-btn \n       color-glow gkit-video-popup gkit-video-popup-btn fancybox.iframe\" aria-label=\"Play Video\"><span class=\"icon-play\"><svg version=\"1.1\" xmlns=\"http:\/\/www.w3.org\/2000\/svg\" width=\"32\" height=\"32\" viewBox=\"0 0 32 32\" class=\"gkit-icon\">\n<title>play-button<\/title>\n<path d=\"M27.481 15.773l-22.096-15.238c-0.234-0.161-0.537-0.178-0.787-0.047-0.251 0.132-0.408 0.391-0.408 0.674v30.477c0 0.283 0.157 0.543 0.408 0.675 0.111 0.058 0.233 0.087 0.354 0.087 0.152 0 0.302-0.046 0.433-0.135l22.096-15.238c0.206-0.142 0.329-0.376 0.329-0.627s-0.123-0.485-0.329-0.627z\"><\/path>\n<\/svg>\n<\/span><\/a><\/div><\/div>\n <\/div><\/div>\n ","protected":false},"excerpt":{"rendered":"","protected":false},"author":1,"featured_media":0,"parent":0,"menu_order":0,"comment_status":"closed","ping_status":"closed","template":"","meta":{"_uag_custom_page_level_css":"","postBodyCss":"","postBodyMargin":[],"postBodyPadding":[],"postBodyBackground":{"backgroundType":"classic","gradient":""},"_kad_post_transparent":"","_kad_post_title":"hide","_kad_post_layout":"fullwidth","_kad_post_sidebar_id":"","_kad_post_content_style":"unboxed","_kad_post_vertical_padding":"show","_kad_post_feature":"","_kad_post_feature_position":"","_kad_post_header":false,"_kad_post_footer":false,"_kad_post_classname":"","_joinchat":[],"footnotes":""},"class_list":["post-34","page","type-page","status-publish","hentry"],"uagb_featured_image_src":{"full":false,"thumbnail":false,"medium":false,"medium_large":false,"large":false,"1536x1536":false,"2048x2048":false},"uagb_author_info":{"display_name":"mackonen","author_link":"https:\/\/tobiaturistica.com\/author\/tobiatur"},"uagb_comment_info":0,"uagb_excerpt":null,"_links":{"self":[{"href":"https:\/\/tobiaturistica.com\/index.php?rest_route=\/wp\/v2\/pages\/34","targetHints":{"allow":["GET"]}}],"collection":[{"href":"https:\/\/tobiaturistica.com\/index.php?rest_route=\/wp\/v2\/pages"}],"about":[{"href":"https:\/\/tobiaturistica.com\/index.php?rest_route=\/wp\/v2\/types\/page"}],"author":[{"embeddable":true,"href":"https:\/\/tobiaturistica.com\/index.php?rest_route=\/wp\/v2\/users\/1"}],"replies":[{"embeddable":true,"href":"https:\/\/tobiaturistica.com\/index.php?rest_route=%2Fwp%2Fv2%2Fcomments&post=34"}],"version-history":[{"count":210,"href":"https:\/\/tobiaturistica.com\/index.php?rest_route=\/wp\/v2\/pages\/34\/revisions"}],"predecessor-version":[{"id":5539,"href":"https:\/\/tobiaturistica.com\/index.php?rest_route=\/wp\/v2\/pages\/34\/revisions\/5539"}],"wp:attachment":[{"href":"https:\/\/tobiaturistica.com\/index.php?rest_route=%2Fwp%2Fv2%2Fmedia&parent=34"}],"curies":[{"name":"wp","href":"https:\/\/api.w.org\/{rel}","templated":true}]}}