{"id":4605,"date":"2025-04-27T06:25:23","date_gmt":"2025-04-27T06:25:23","guid":{"rendered":"https:\/\/tobiaturistica.com\/?page_id=4605"},"modified":"2025-08-22T15:14:06","modified_gmt":"2025-08-22T15:14:06","slug":"paseos-a-caballo","status":"publish","type":"page","link":"https:\/\/tobiaturistica.com\/?page_id=4605","title":{"rendered":"Paseos a Caballo"},"content":{"rendered":"\n<p><\/p>\n\n\n \n<div data-block=\"gutenkit\/container\" data-post-id=\"4605\" id=\"block-a11c8247-1067-49e6-bb8f-b50c3715905f\" class=\"wp-block-gutenkit-container alignfull gkit15905f gutenkit-block\"><div class=\"gkit-block__inner\"> \n<div data-block=\"gutenkit\/heading\" data-post-id=\"4605\" class=\"wp-block-gutenkit-heading gkit-heading-border-position-start gkit7b3058 gutenkit-block\" id=\"block-9111cbb4-2553-41ee-930b-52c650363e09\"><h2 class=\"gkit-heading-title\">Paseos a&nbsp;<strong>Caballo<br><\/strong><\/h2><\/div>\n \n\n \n<div data-block=\"gutenkit\/container\" data-post-id=\"4605\" id=\"block-f081fd9e-735b-4d09-8531-dc69c53b0537\" class=\"wp-block-gutenkit-container alignfull gkit3b0537 gutenkit-block\"><div class=\"gkit-block__inner\"> \n<div data-block=\"gutenkit\/button\" data-post-id=\"4605\" id=\"block-08cb2c28-2860-4f84-b8f0-759e40803d9f\" class=\"wp-block-gutenkit-button gkit803d9f gutenkit-block\"><div class=\"gkit-btn-wraper\"><a class=\"gkit-btn\" href=\"https:\/\/tobiaturistica.com\/?page_id=1229\">Reservar<\/a><\/div><\/div>\n \n\n \n<div data-block=\"gutenkit\/video\" data-post-id=\"4605\" id=\"block-f7b319a1-ce1f-4ad0-99b6-18fcead96646\" class=\"wp-block-gutenkit-video gkitd96646 gutenkit-block\"><div class=\"video-content\" id=\"video-content\" data-settings=\"{&quot;videoStyleOptions&quot;:&quot;popup&quot;,&quot;videoType&quot;:&quot;youtube&quot;,&quot;playerControl&quot;:true,&quot;isAutoPlay&quot;:false,&quot;isVideoMute&quot;:true,&quot;isVideoLoop&quot;:false,&quot;isPlayOnMobile&quot;:true,&quot;isImageOverlay&quot;:false,&quot;overlayPlayIcon&quot;:false,&quot;overlayLightbox&quot;:false,&quot;videoStartTime&quot;:0,&quot;videoEndTime&quot;:&quot;&quot;,&quot;isIntroTitle&quot;:false,&quot;isIntroPortrait&quot;:false,&quot;isIntroByLine&quot;:false,&quot;getYoutubeVideoId&quot;:&quot;Wa7nBT-eS4Y&quot;,&quot;videoPreLoad&quot;:&quot;auto&quot;,&quot;selfVideoURL&quot;:&quot;https:\/\/wpmet.com\/plugin\/elementskit\/wp-content\/uploads\/2022\/11\/selfhosted_video.mp4&quot;,&quot;isDownloadButton&quot;:true,&quot;isPlayerControlsEnabled&quot;:true,&quot;gkitVideoCloseButtonIcon&quot;:{&quot;title&quot;:&quot;cross&quot;,&quot;src&quot;:&quot;<svg xmlns=\\&quot;http:\/\/www.w3.org\/2000\/svg\\&quot; viewBox=\\&quot;0 0 32 32\\&quot;&gt;<path d=\\&quot;M17.131 16.8l9.034-9.034c0.312-0.312 0.312-0.819 0-1.131s-0.819-0.312-1.131 0l-9.034 9.034-9.034-9.034c-0.312-0.312-0.819-0.312-1.131 0s-0.312 0.819 0 1.131l9.034 9.034-9.034 9.034c-0.312 0.312-0.312 0.819 0 1.131 0.156 0.156 0.361 0.234 0.566 0.234s0.409-0.078 0.566-0.234l9.034-9.034 9.034 9.034c0.156 0.156 0.361 0.234 0.566 0.234s0.409-0.078 0.566-0.234c0.312-0.312 0.312-0.819 0-1.131l-9.034-9.034z\\&quot;&gt;<\/path&gt;<\/svg&gt;&quot;},&quot;wrapperClass&quot;:&quot;gkitd96646&quot;}\"><a data-fancybox=\"true\" data-src=\"https:\/\/youtube.com\/shorts\/Wa7nBT-eS4Y?feature=share\" data-custom-class=\"gkit-video-popup-yt\" href=\"#\" class=\"gkit_icon_button glow-btn \n       color-glow gkit-video-popup gkit-video-popup-btn fancybox.iframe\" aria-label=\"Play Video\"><span class=\"icon-play\"><svg version=\"1.1\" xmlns=\"http:\/\/www.w3.org\/2000\/svg\" width=\"32\" height=\"32\" viewBox=\"0 0 32 32\" class=\"gkit-icon\">\n<title>play-button<\/title>\n<path d=\"M27.481 15.773l-22.096-15.238c-0.234-0.161-0.537-0.178-0.787-0.047-0.251 0.132-0.408 0.391-0.408 0.674v30.477c0 0.283 0.157 0.543 0.408 0.675 0.111 0.058 0.233 0.087 0.354 0.087 0.152 0 0.302-0.046 0.433-0.135l22.096-15.238c0.206-0.142 0.329-0.376 0.329-0.627s-0.123-0.485-0.329-0.627z\"><\/path>\n<\/svg>\n<\/span><\/a><\/div><\/div>\n <\/div><\/div>\n <\/div><\/div>\n \n\n \n<div data-block=\"gutenkit\/container\" data-post-id=\"4605\" id=\"block-991062f6-9ed3-40e5-acb0-a3806e6cfa59\" class=\"wp-block-gutenkit-container alignfull gkit6cfa59 gutenkit-block\"><div class=\"gkit-block__inner\"> \n<div data-block=\"gutenkit\/container\" data-post-id=\"4605\" id=\"block-1be4cb72-167d-488a-b84a-3bdf6ce980ae\" class=\"wp-block-gutenkit-container gkit-block-custom-wide gkite980ae gutenkit-block\"><div class=\"gkit-block__inner\"> \n<div data-block=\"gutenkit\/heading\" data-post-id=\"4605\" class=\"wp-block-gutenkit-heading gkit-heading-border-position-start gkit78f2c4 gutenkit-block\" id=\"block-9ca8fecf-66c3-479d-9d2a-1a592ff32ee6\"><h3 class=\"gkit-heading-subtitle\">CAbalgata<\/h3><h2 class=\"gkit-heading-title\">Por la vereda san Miguel de Quebradanegra<\/h2><div class=\"gkit-heading-description\"><p>\u00abTob\u00eda, donde los caballos y la naturaleza se encuentran. \u00a1Pasea a caballo y disfruta del paisaje!<\/p><\/div><\/div>\n \n\n \n<a data-block=\"gutenkit\/icon-box\" data-post-id=\"4605\" id=\"block-01a1058a-ff6a-480c-bb4e-6cf0f0e74171\" class=\"wp-block-gutenkit-icon-box gkit-icon-box gkite74171 gutenkit-block\"><div class=\"gkit-icon-box-header gkit-icon-box-header-icon\"><svg xmlns=\"http:\/\/www.w3.org\/2000\/svg\" viewBox=\"0 0 576 512\" class=\"gkit-icon\"><path d=\"M448 238.1V160h16l9.8 19.6c12.5 25.1 42.2 36.4 68.3 26c20.5-8.2 33.9-28 33.9-50.1V80c0-19.1-8.4-36.3-21.7-48H560c8.8 0 16-7.2 16-16s-7.2-16-16-16H480 448C377.3 0 320 57.3 320 128H224 203.2 148.8c-30.7 0-57.6 16.3-72.5 40.8C33.2 174.5 0 211.4 0 256v56c0 13.3 10.7 24 24 24s24-10.7 24-24V256c0-13.4 6.6-25.2 16.7-32.5c1.6 13 6.3 25.4 13.6 36.4l28.2 42.4c8.3 12.4 6.4 28.7-1.2 41.6c-16.5 28-20.6 62.2-10 93.9l17.5 52.4c4.4 13.1 16.6 21.9 30.4 21.9h33.7c21.8 0 37.3-21.4 30.4-42.1l-20.8-62.5c-2.1-6.4-.5-13.4 4.3-18.2l12.7-12.7c13.2-13.2 20.6-31.1 20.6-49.7c0-2.3-.1-4.6-.3-6.9l84 24c4.1 1.2 8.2 2.1 12.3 2.8V480c0 17.7 14.3 32 32 32h32c17.7 0 32-14.3 32-32V315.7c19.2-19.2 31.5-45.7 32-75.7h0v-1.9zM496 64a16 16 0 1 1 0 32 16 16 0 1 1 0-32z\"\/><\/svg><\/div><div class=\"gkit-icon-box-body\"><p identifier=\"title\" class=\"gkit-icon-box-title\">El plan Incluye<\/p><p identifier=\"content\" class=\"gkit-icon-box-description\">\ud83d\udc34 1.5 Horas de paseo en caballo por la vereda san Miguel.<br>\ud83d\udde3 Charla instructiva para comprender el coportamiento del caballo. sus cuidados y manejo con el fin de crear una relacion directa con el animal. <br>\ud83e\uddf4 Hidratacion.<br>\ud83e\udd50 Snaks.<br> \ud83c\udf74 Almuerzo.<br>\ud83d\ude91 Asisatencia medica. Seguro Colasistencia.<br>\ud83d\udcdc Guias y Equipos calificados.<br><\/p><\/div><\/a>\n \n\n \n<a data-block=\"gutenkit\/icon-box\" data-post-id=\"4605\" id=\"block-a1df579a-4759-451b-941d-410f95a2ec33\" class=\"wp-block-gutenkit-icon-box gkit-icon-box gkita2ec33 gutenkit-block\"><div class=\"gkit-icon-box-header gkit-icon-box-header-icon\"><svg xmlns=\"http:\/\/www.w3.org\/2000\/svg\" viewBox=\"0 0 32 32\" class=\"gkit-icon\">\n<path d=\"M21.334 2h-10.668l9.6 18h10.668z\"><\/path>\n<path d=\"M9.494 4.052l-9.494 16.614 5.334 9.334 9.31-16.292z\"><\/path>\n<path d=\"M12.208 22l-4.572 8h19.364l5-8z\"><\/path>\n<\/svg><\/div><div class=\"gkit-icon-box-body\"><p identifier=\"title\" class=\"gkit-icon-box-title\">\u00a1Lo que debes tener en cuenta!<\/p><p identifier=\"content\" class=\"gkit-icon-box-description\">\u2714Grupos a partir de 4 personas.<br>\u2714 Si aceptamos mascotas(caninos).<br>\u2714Traer ropa ligera en lo posible licrado de secado r\u00e1pido y tenis o sandalias de amarrar.<br>\u2714Traer repelente y bloqueador solar.<br>\u2714La reserva se debe hacer con aticipacion y se solicita numero de documentos y nombres completos.<br>\u2714Ni\u00f1os a partir de los 7 a\u00f1os y adultos hasta los 65 a\u00f1os fisicamente bien.<br>\u2714La reserva se puede reprogramar una vez y tienes 2 meses para aplazamiento, de lo contrario no se hace devolucion de la resrva.<br>\u2714No se aceptan personas en estado de alicoramiento y no hay devoluciones.<\/p><\/div><\/a>\n \n\n \n<div data-block=\"gutenkit\/button\" data-post-id=\"4605\" id=\"block-6fe7ad93-909f-46d4-a5e5-bafaadb8c31f\" class=\"wp-block-gutenkit-button gkitb8c31f gutenkit-block\"><div class=\"gkit-btn-wraper\"><a class=\"gkit-btn\" href=\"https:\/\/wa.me\/573107215568\" target=\"_blank\" rel=\"noopener\">programar el tur<\/a><\/div><\/div>\n <\/div><\/div>\n \n\n \n<div data-block=\"gutenkit\/container\" data-post-id=\"4605\" id=\"block-8d1416b8-c5de-4950-9286-4c6e118a2638\" class=\"wp-block-gutenkit-container gkit-block-custom-wide gkit8a2638 gutenkit-block\"><div class=\"gkit-block__inner\">\t\t\t\t\t<div\n\t\t\t\t\t\tclass=\"wp-block-uagb-image-gallery uagb-block-81c6192e     \"\n\t\t\t\t\t\tstyle=\"\"\n\t\t\t\t\t>\n\t\t\t\t\t\t\t\t\t\t\t<div class=\"spectra-image-gallery spectra-image-gallery__layout--grid spectra-image-gallery__layout--grid-col-3 spectra-image-gallery__layout--grid-col-tab-3 spectra-image-gallery__layout--grid-col-mob-2\">\n\t\t\t\t\t\t\t\t\t\t\t<div class='spectra-image-gallery__media-wrapper' data-spectra-gallery-image-id='4777' tabindex=\"0\">\n\t\t\t\t\t\t\t<div class=\"spectra-image-gallery__media spectra-image-gallery__media--grid\">\n\t\t\t\t<picture>\n\t\t\t\t\t<source media=\"(min-width: 1024px)\" srcset=\"https:\/\/tobiaturistica.com\/wp-content\/uploads\/2025\/04\/cabalgata-768x1024.jpg\">\n\t\t\t\t\t<source media=\"(min-width: 768px)\" srcset=\"https:\/\/tobiaturistica.com\/wp-content\/uploads\/2025\/04\/cabalgata-768x1024.jpg\">\n\t\t\t\t\t<img decoding=\"async\" class=\"spectra-image-gallery__media-thumbnail spectra-image-gallery__media-thumbnail--grid\" src=\"https:\/\/tobiaturistica.com\/wp-content\/uploads\/2025\/04\/cabalgata-225x300.jpg\" alt=\"\" loading=\"lazy\" \/>\n\t\t\t\t<\/picture>\n\t\t\t\t<div class=\"spectra-image-gallery__media-thumbnail-blurrer\"><\/div>\n\t\t\t\t\t\t\t\t\t\t\t<div class=\"spectra-image-gallery__media-thumbnail-caption-wrapper spectra-image-gallery__media-thumbnail-caption-wrapper--overlay\"><\/div>\n\t\t\t\t\t\t\t\t<\/div>\n\t\t\t\t\t\t<\/div>\n\t\t\t\t\t\t<div class='spectra-image-gallery__media-wrapper' data-spectra-gallery-image-id='4778' tabindex=\"0\">\n\t\t\t\t\t\t\t<div class=\"spectra-image-gallery__media spectra-image-gallery__media--grid\">\n\t\t\t\t<picture>\n\t\t\t\t\t<source media=\"(min-width: 1024px)\" srcset=\"https:\/\/tobiaturistica.com\/wp-content\/uploads\/2025\/04\/cabalgatas-tobia-1024x1024.jpg\">\n\t\t\t\t\t<source media=\"(min-width: 768px)\" srcset=\"https:\/\/tobiaturistica.com\/wp-content\/uploads\/2025\/04\/cabalgatas-tobia-1024x1024.jpg\">\n\t\t\t\t\t<img decoding=\"async\" class=\"spectra-image-gallery__media-thumbnail spectra-image-gallery__media-thumbnail--grid\" src=\"https:\/\/tobiaturistica.com\/wp-content\/uploads\/2025\/04\/cabalgatas-tobia-300x300.jpg\" alt=\"\" loading=\"lazy\" \/>\n\t\t\t\t<\/picture>\n\t\t\t\t<div class=\"spectra-image-gallery__media-thumbnail-blurrer\"><\/div>\n\t\t\t\t\t\t\t\t\t\t\t<div class=\"spectra-image-gallery__media-thumbnail-caption-wrapper spectra-image-gallery__media-thumbnail-caption-wrapper--overlay\"><\/div>\n\t\t\t\t\t\t\t\t<\/div>\n\t\t\t\t\t\t<\/div>\n\t\t\t\t\t\t<div class='spectra-image-gallery__media-wrapper' data-spectra-gallery-image-id='4779' tabindex=\"0\">\n\t\t\t\t\t\t\t<div class=\"spectra-image-gallery__media spectra-image-gallery__media--grid\">\n\t\t\t\t<picture>\n\t\t\t\t\t<source media=\"(min-width: 1024px)\" srcset=\"https:\/\/tobiaturistica.com\/wp-content\/uploads\/2025\/04\/cabalgatas-768x1024.jpg\">\n\t\t\t\t\t<source media=\"(min-width: 768px)\" srcset=\"https:\/\/tobiaturistica.com\/wp-content\/uploads\/2025\/04\/cabalgatas-768x1024.jpg\">\n\t\t\t\t\t<img decoding=\"async\" class=\"spectra-image-gallery__media-thumbnail spectra-image-gallery__media-thumbnail--grid\" src=\"https:\/\/tobiaturistica.com\/wp-content\/uploads\/2025\/04\/cabalgatas-225x300.jpg\" alt=\"\" loading=\"lazy\" \/>\n\t\t\t\t<\/picture>\n\t\t\t\t<div class=\"spectra-image-gallery__media-thumbnail-blurrer\"><\/div>\n\t\t\t\t\t\t\t\t\t\t\t<div class=\"spectra-image-gallery__media-thumbnail-caption-wrapper spectra-image-gallery__media-thumbnail-caption-wrapper--overlay\"><\/div>\n\t\t\t\t\t\t\t\t<\/div>\n\t\t\t\t\t\t<\/div>\n\t\t\t\t\t\t<div class='spectra-image-gallery__media-wrapper' data-spectra-gallery-image-id='4780' tabindex=\"0\">\n\t\t\t\t\t\t\t<div class=\"spectra-image-gallery__media spectra-image-gallery__media--grid\">\n\t\t\t\t<picture>\n\t\t\t\t\t<source media=\"(min-width: 1024px)\" srcset=\"https:\/\/tobiaturistica.com\/wp-content\/uploads\/2025\/04\/caballo-768x1024.jpg\">\n\t\t\t\t\t<source media=\"(min-width: 768px)\" srcset=\"https:\/\/tobiaturistica.com\/wp-content\/uploads\/2025\/04\/caballo-768x1024.jpg\">\n\t\t\t\t\t<img decoding=\"async\" class=\"spectra-image-gallery__media-thumbnail spectra-image-gallery__media-thumbnail--grid\" src=\"https:\/\/tobiaturistica.com\/wp-content\/uploads\/2025\/04\/caballo-225x300.jpg\" alt=\"\" loading=\"lazy\" \/>\n\t\t\t\t<\/picture>\n\t\t\t\t<div class=\"spectra-image-gallery__media-thumbnail-blurrer\"><\/div>\n\t\t\t\t\t\t\t\t\t\t\t<div class=\"spectra-image-gallery__media-thumbnail-caption-wrapper spectra-image-gallery__media-thumbnail-caption-wrapper--overlay\"><\/div>\n\t\t\t\t\t\t\t\t<\/div>\n\t\t\t\t\t\t<\/div>\n\t\t\t\t\t\t<div class='spectra-image-gallery__media-wrapper' data-spectra-gallery-image-id='4781' tabindex=\"0\">\n\t\t\t\t\t\t\t<div class=\"spectra-image-gallery__media spectra-image-gallery__media--grid\">\n\t\t\t\t<picture>\n\t\t\t\t\t<source media=\"(min-width: 1024px)\" srcset=\"https:\/\/tobiaturistica.com\/wp-content\/uploads\/2025\/04\/caballos.jpg\">\n\t\t\t\t\t<source media=\"(min-width: 768px)\" srcset=\"https:\/\/tobiaturistica.com\/wp-content\/uploads\/2025\/04\/caballos.jpg\">\n\t\t\t\t\t<img decoding=\"async\" class=\"spectra-image-gallery__media-thumbnail spectra-image-gallery__media-thumbnail--grid\" src=\"https:\/\/tobiaturistica.com\/wp-content\/uploads\/2025\/04\/caballos-300x300.jpg\" alt=\"\" loading=\"lazy\" \/>\n\t\t\t\t<\/picture>\n\t\t\t\t<div class=\"spectra-image-gallery__media-thumbnail-blurrer\"><\/div>\n\t\t\t\t\t\t\t\t\t\t\t<div class=\"spectra-image-gallery__media-thumbnail-caption-wrapper spectra-image-gallery__media-thumbnail-caption-wrapper--overlay\"><\/div>\n\t\t\t\t\t\t\t\t<\/div>\n\t\t\t\t\t\t<\/div>\n\t\t\t\t\t\t<div class='spectra-image-gallery__media-wrapper' data-spectra-gallery-image-id='4782' tabindex=\"0\">\n\t\t\t\t\t\t\t<div class=\"spectra-image-gallery__media spectra-image-gallery__media--grid\">\n\t\t\t\t<picture>\n\t\t\t\t\t<source media=\"(min-width: 1024px)\" srcset=\"https:\/\/tobiaturistica.com\/wp-content\/uploads\/2025\/04\/paseo-en-caballo-1024x768.webp\">\n\t\t\t\t\t<source media=\"(min-width: 768px)\" srcset=\"https:\/\/tobiaturistica.com\/wp-content\/uploads\/2025\/04\/paseo-en-caballo-1024x768.webp\">\n\t\t\t\t\t<img decoding=\"async\" class=\"spectra-image-gallery__media-thumbnail spectra-image-gallery__media-thumbnail--grid\" src=\"https:\/\/tobiaturistica.com\/wp-content\/uploads\/2025\/04\/paseo-en-caballo-300x225.webp\" alt=\"\" loading=\"lazy\" \/>\n\t\t\t\t<\/picture>\n\t\t\t\t<div class=\"spectra-image-gallery__media-thumbnail-blurrer\"><\/div>\n\t\t\t\t\t\t\t\t\t\t\t<div class=\"spectra-image-gallery__media-thumbnail-caption-wrapper spectra-image-gallery__media-thumbnail-caption-wrapper--overlay\"><\/div>\n\t\t\t\t\t\t\t\t<\/div>\n\t\t\t\t\t\t<\/div>\n\t\t\t\t\t\t\t\t\t\t<\/div>\n\t\t\t\t\t\t\t\t\t\t\t\t\t\t\t\t\t\t<\/div>\n\t\t\t\t\t\t\t\t\t\t\t<div class='spectra-image-gallery__control-lightbox' tabindex='0'>\n\t\t\t\t\t\t\t\t\t\t\t<div class=\"swiper spectra-image-gallery__control-lightbox--main\" dir=\"\">\n\t\t\t\t\t<div class=\"swiper-wrapper\">\n\t\t\t\t\t\t\t\t\t\t\t\t\t\n\t\t\t\t\t\t\t<div class=\"swiper-slide\">\n\t\t\t\t\t\t\t\t<img loading=\"lazy\" class=\"swiper-lazy\" data-src=\"https:\/\/tobiaturistica.com\/wp-content\/uploads\/2025\/04\/cabalgata-scaled.jpg\" alt=\"\"\/>\n\t\t\t\t\t\t\t\t<div class=\"swiper-lazy-preloader swiper-lazy-preloader-white\"><\/div>\n\t\t\t\t\t\t\t\t\t\t\t\t\t\t\t<\/div>\n\t\t\t\t\t\t\t\t\t\t\t\t\t\n\t\t\t\t\t\t\t<div class=\"swiper-slide\">\n\t\t\t\t\t\t\t\t<img loading=\"lazy\" class=\"swiper-lazy\" data-src=\"https:\/\/tobiaturistica.com\/wp-content\/uploads\/2025\/04\/cabalgatas-tobia.jpg\" alt=\"\"\/>\n\t\t\t\t\t\t\t\t<div class=\"swiper-lazy-preloader swiper-lazy-preloader-white\"><\/div>\n\t\t\t\t\t\t\t\t\t\t\t\t\t\t\t<\/div>\n\t\t\t\t\t\t\t\t\t\t\t\t\t\n\t\t\t\t\t\t\t<div class=\"swiper-slide\">\n\t\t\t\t\t\t\t\t<img loading=\"lazy\" class=\"swiper-lazy\" data-src=\"https:\/\/tobiaturistica.com\/wp-content\/uploads\/2025\/04\/cabalgatas-scaled.jpg\" alt=\"\"\/>\n\t\t\t\t\t\t\t\t<div class=\"swiper-lazy-preloader swiper-lazy-preloader-white\"><\/div>\n\t\t\t\t\t\t\t\t\t\t\t\t\t\t\t<\/div>\n\t\t\t\t\t\t\t\t\t\t\t\t\t\n\t\t\t\t\t\t\t<div class=\"swiper-slide\">\n\t\t\t\t\t\t\t\t<img loading=\"lazy\" class=\"swiper-lazy\" data-src=\"https:\/\/tobiaturistica.com\/wp-content\/uploads\/2025\/04\/caballo-scaled.jpg\" alt=\"\"\/>\n\t\t\t\t\t\t\t\t<div class=\"swiper-lazy-preloader swiper-lazy-preloader-white\"><\/div>\n\t\t\t\t\t\t\t\t\t\t\t\t\t\t\t<\/div>\n\t\t\t\t\t\t\t\t\t\t\t\t\t\n\t\t\t\t\t\t\t<div class=\"swiper-slide\">\n\t\t\t\t\t\t\t\t<img loading=\"lazy\" class=\"swiper-lazy\" data-src=\"https:\/\/tobiaturistica.com\/wp-content\/uploads\/2025\/04\/caballos.jpg\" alt=\"\"\/>\n\t\t\t\t\t\t\t\t<div class=\"swiper-lazy-preloader swiper-lazy-preloader-white\"><\/div>\n\t\t\t\t\t\t\t\t\t\t\t\t\t\t\t<\/div>\n\t\t\t\t\t\t\t\t\t\t\t\t\t\n\t\t\t\t\t\t\t<div class=\"swiper-slide\">\n\t\t\t\t\t\t\t\t<img loading=\"lazy\" class=\"swiper-lazy\" data-src=\"https:\/\/tobiaturistica.com\/wp-content\/uploads\/2025\/04\/paseo-en-caballo.webp\" alt=\"\"\/>\n\t\t\t\t\t\t\t\t<div class=\"swiper-lazy-preloader swiper-lazy-preloader-white\"><\/div>\n\t\t\t\t\t\t\t\t\t\t\t\t\t\t\t<\/div>\n\t\t\t\t\t\t\t\t\t\t\t<\/div>\n\t\t\t\t\t<div class=\"swiper-button-next\"><\/div>\n\t\t\t\t\t<div class=\"swiper-button-prev\"><\/div>\n\t\t\t\t<\/div>\t\t\t\n\t\t\t\t\t\t\t\t\t\t\t\t\t\t\t\t\t\t\t\t\t\t\t\t\t\t\t\t\t\t\t\t<button class='spectra-image-gallery__control-lightbox--close' aria-label=\"Close\">\n\t\t\t\t\t\t\t\t\t\t\t\t\t<svg xmlns=\"https:\/\/www.w3.org\/2000\/svg\" viewBox= \"0 0 320 512\"><path d=\"M310.6 361.4c12.5 12.5 12.5 32.75 0 45.25C304.4 412.9 296.2 416 288 416s-16.38-3.125-22.62-9.375L160 301.3L54.63 406.6C48.38 412.9 40.19 416 32 416S15.63 412.9 9.375 406.6c-12.5-12.5-12.5-32.75 0-45.25l105.4-105.4L9.375 150.6c-12.5-12.5-12.5-32.75 0-45.25s32.75-12.5 45.25 0L160 210.8l105.4-105.4c12.5-12.5 32.75-12.5 45.25 0s12.5 32.75 0 45.25l-105.4 105.4L310.6 361.4z\"><\/path><\/svg>\n\t\t\t\t\t\t\t\t\t\t\t\t<\/button>\n\t\t\t\t\t\t\t\t\t\t\t\t\t<\/div>\n\t\t\t\t\t\t\t\t\t<\/div><\/div>\n <\/div><\/div>\n \n\n \n<div data-block=\"gutenkit\/container\" data-post-id=\"4605\" id=\"block-a77f717e-281f-4322-9efc-aadc6885e6e2\" class=\"wp-block-gutenkit-container alignfull gkit85e6e2 gutenkit-block\"><div class=\"gkit-container-overlay\"><\/div><div class=\"gkit-block__inner\"> \n<div data-block=\"gutenkit\/heading\" data-post-id=\"4605\" class=\"wp-block-gutenkit-heading gkit-heading-border-position-start gkit76d213 gutenkit-block\" id=\"block-43c683d7-cf6c-4738-ac36-306518d66129\"><h2 class=\"gkit-heading-title\">Nuestro Viaje<\/h2><div class=\"gkit-heading-description\"><p>\u00abRodeate de naturaleza, cabalga hacia la serenidad. \u00a1Disfruta del paisaje y la libertad!\u00bb<\/p><\/div><\/div>\n \n\n \n<div data-block=\"gutenkit\/video\" data-post-id=\"4605\" id=\"block-0fb2fb90-5cfc-48de-a5ae-4cdd0ef9d626\" class=\"wp-block-gutenkit-video gkitf9d626 gutenkit-block\"><div class=\"video-content\" id=\"video-content\" data-settings=\"{&quot;videoStyleOptions&quot;:&quot;popup&quot;,&quot;videoType&quot;:&quot;youtube&quot;,&quot;playerControl&quot;:true,&quot;isAutoPlay&quot;:false,&quot;isVideoMute&quot;:true,&quot;isVideoLoop&quot;:false,&quot;isPlayOnMobile&quot;:true,&quot;isImageOverlay&quot;:false,&quot;overlayPlayIcon&quot;:false,&quot;overlayLightbox&quot;:false,&quot;videoStartTime&quot;:0,&quot;videoEndTime&quot;:&quot;&quot;,&quot;isIntroTitle&quot;:false,&quot;isIntroPortrait&quot;:false,&quot;isIntroByLine&quot;:false,&quot;getYoutubeVideoId&quot;:&quot;u1AzmVyVqAo&quot;,&quot;videoPreLoad&quot;:&quot;auto&quot;,&quot;selfVideoURL&quot;:&quot;https:\/\/wpmet.com\/plugin\/elementskit\/wp-content\/uploads\/2022\/11\/selfhosted_video.mp4&quot;,&quot;isDownloadButton&quot;:true,&quot;isPlayerControlsEnabled&quot;:true,&quot;gkitVideoCloseButtonIcon&quot;:{&quot;title&quot;:&quot;cross&quot;,&quot;src&quot;:&quot;<svg xmlns=\\&quot;http:\/\/www.w3.org\/2000\/svg\\&quot; viewBox=\\&quot;0 0 32 32\\&quot;&gt;<path d=\\&quot;M17.131 16.8l9.034-9.034c0.312-0.312 0.312-0.819 0-1.131s-0.819-0.312-1.131 0l-9.034 9.034-9.034-9.034c-0.312-0.312-0.819-0.312-1.131 0s-0.312 0.819 0 1.131l9.034 9.034-9.034 9.034c-0.312 0.312-0.312 0.819 0 1.131 0.156 0.156 0.361 0.234 0.566 0.234s0.409-0.078 0.566-0.234l9.034-9.034 9.034 9.034c0.156 0.156 0.361 0.234 0.566 0.234s0.409-0.078 0.566-0.234c0.312-0.312 0.312-0.819 0-1.131l-9.034-9.034z\\&quot;&gt;<\/path&gt;<\/svg&gt;&quot;},&quot;wrapperClass&quot;:&quot;gkitf9d626&quot;}\"><a data-fancybox=\"true\" data-src=\"https:\/\/www.youtube.com\/shorts\/u1AzmVyVqAo\" data-custom-class=\"gkit-video-popup-yt\" href=\"#\" class=\"gkit_icon_button glow-btn \n       color-glow gkit-video-popup gkit-video-popup-btn fancybox.iframe\" aria-label=\"Play Video\"><span class=\"icon-play\"><svg version=\"1.1\" xmlns=\"http:\/\/www.w3.org\/2000\/svg\" width=\"32\" height=\"32\" viewBox=\"0 0 32 32\" class=\"gkit-icon\">\n<title>play-button<\/title>\n<path d=\"M27.481 15.773l-22.096-15.238c-0.234-0.161-0.537-0.178-0.787-0.047-0.251 0.132-0.408 0.391-0.408 0.674v30.477c0 0.283 0.157 0.543 0.408 0.675 0.111 0.058 0.233 0.087 0.354 0.087 0.152 0 0.302-0.046 0.433-0.135l22.096-15.238c0.206-0.142 0.329-0.376 0.329-0.627s-0.123-0.485-0.329-0.627z\"><\/path>\n<\/svg>\n<\/span><\/a><\/div><\/div>\n <\/div><\/div>\n ","protected":false},"excerpt":{"rendered":"","protected":false},"author":1,"featured_media":0,"parent":0,"menu_order":0,"comment_status":"closed","ping_status":"closed","template":"","meta":{"_uag_custom_page_level_css":"","postBodyCss":"","postBodyMargin":[],"postBodyPadding":[],"postBodyBackground":{"backgroundType":"classic","gradient":""},"_kad_post_transparent":"","_kad_post_title":"hide","_kad_post_layout":"fullwidth","_kad_post_sidebar_id":"","_kad_post_content_style":"unboxed","_kad_post_vertical_padding":"default","_kad_post_feature":"","_kad_post_feature_position":"","_kad_post_header":false,"_kad_post_footer":false,"_kad_post_classname":"","_joinchat":[],"footnotes":""},"class_list":["post-4605","page","type-page","status-publish","hentry"],"uagb_featured_image_src":{"full":false,"thumbnail":false,"medium":false,"medium_large":false,"large":false,"1536x1536":false,"2048x2048":false},"uagb_author_info":{"display_name":"mackonen","author_link":"https:\/\/tobiaturistica.com\/author\/tobiatur"},"uagb_comment_info":0,"uagb_excerpt":null,"_links":{"self":[{"href":"https:\/\/tobiaturistica.com\/index.php?rest_route=\/wp\/v2\/pages\/4605","targetHints":{"allow":["GET"]}}],"collection":[{"href":"https:\/\/tobiaturistica.com\/index.php?rest_route=\/wp\/v2\/pages"}],"about":[{"href":"https:\/\/tobiaturistica.com\/index.php?rest_route=\/wp\/v2\/types\/page"}],"author":[{"embeddable":true,"href":"https:\/\/tobiaturistica.com\/index.php?rest_route=\/wp\/v2\/users\/1"}],"replies":[{"embeddable":true,"href":"https:\/\/tobiaturistica.com\/index.php?rest_route=%2Fwp%2Fv2%2Fcomments&post=4605"}],"version-history":[{"count":60,"href":"https:\/\/tobiaturistica.com\/index.php?rest_route=\/wp\/v2\/pages\/4605\/revisions"}],"predecessor-version":[{"id":5535,"href":"https:\/\/tobiaturistica.com\/index.php?rest_route=\/wp\/v2\/pages\/4605\/revisions\/5535"}],"wp:attachment":[{"href":"https:\/\/tobiaturistica.com\/index.php?rest_route=%2Fwp%2Fv2%2Fmedia&parent=4605"}],"curies":[{"name":"wp","href":"https:\/\/api.w.org\/{rel}","templated":true}]}}