{"id":5101,"date":"2025-08-16T23:21:49","date_gmt":"2025-08-16T23:21:49","guid":{"rendered":"https:\/\/tobiaturistica.com\/?page_id=5101"},"modified":"2025-08-22T15:23:50","modified_gmt":"2025-08-22T15:23:50","slug":"hotel-campestre","status":"publish","type":"page","link":"https:\/\/tobiaturistica.com\/?page_id=5101","title":{"rendered":"Hotel Campestre"},"content":{"rendered":" \n<div data-block=\"gutenkit\/container\" data-post-id=\"5101\" id=\"block-9bf860d4-31f4-447d-a7cd-3b3ca225a89f\" class=\"wp-block-gutenkit-container alignfull gkit25a89f gutenkit-block\"><div class=\"gkit-block__inner\"> \n<div data-block=\"gutenkit\/heading\" data-post-id=\"5101\" class=\"wp-block-gutenkit-heading gkit-heading-border-position-start gkitd6adf2 gutenkit-block\" id=\"block-9111cbb4-2553-41ee-930b-52c650363e09\"><h2 class=\"gkit-heading-title\">Hotel&nbsp;<strong>Campestre<br><\/strong><\/h2><\/div>\n \n\n \n<div data-block=\"gutenkit\/container\" data-post-id=\"5101\" id=\"block-f081fd9e-735b-4d09-8531-dc69c53b0537\" class=\"wp-block-gutenkit-container alignfull gkit3b0537 gutenkit-block\"><div class=\"gkit-block__inner\"> \n<div data-block=\"gutenkit\/button\" data-post-id=\"5101\" id=\"block-4abc1178-1a02-46d2-8583-ea5db95778ce\" class=\"wp-block-gutenkit-button gkit5778ce gutenkit-block\"><div class=\"gkit-btn-wraper\"><a class=\"gkit-btn\" href=\"https:\/\/tobiaturistica.com\/?page_id=1229\">reservar<\/a><\/div><\/div>\n \n\n \n<div data-block=\"gutenkit\/video\" data-post-id=\"5101\" id=\"block-6e6bb027-a028-4c48-942d-1460b3f06ef1\" class=\"wp-block-gutenkit-video gkitf06ef1 gutenkit-block\"><div class=\"video-content\" id=\"video-content\" data-settings=\"{&quot;videoStyleOptions&quot;:&quot;popup&quot;,&quot;videoType&quot;:&quot;youtube&quot;,&quot;playerControl&quot;:true,&quot;isAutoPlay&quot;:false,&quot;isVideoMute&quot;:true,&quot;isVideoLoop&quot;:false,&quot;isPlayOnMobile&quot;:true,&quot;isImageOverlay&quot;:false,&quot;overlayPlayIcon&quot;:false,&quot;overlayLightbox&quot;:false,&quot;videoStartTime&quot;:0,&quot;videoEndTime&quot;:&quot;&quot;,&quot;isIntroTitle&quot;:false,&quot;isIntroPortrait&quot;:false,&quot;isIntroByLine&quot;:false,&quot;getYoutubeVideoId&quot;:&quot;bf_mi1utG3I&quot;,&quot;videoPreLoad&quot;:&quot;auto&quot;,&quot;selfVideoURL&quot;:&quot;https:\/\/wpmet.com\/plugin\/elementskit\/wp-content\/uploads\/2022\/11\/selfhosted_video.mp4&quot;,&quot;isDownloadButton&quot;:true,&quot;isPlayerControlsEnabled&quot;:true,&quot;gkitVideoCloseButtonIcon&quot;:{&quot;title&quot;:&quot;cross&quot;,&quot;src&quot;:&quot;<svg xmlns=\\&quot;http:\/\/www.w3.org\/2000\/svg\\&quot; viewBox=\\&quot;0 0 32 32\\&quot;&gt;<path d=\\&quot;M17.131 16.8l9.034-9.034c0.312-0.312 0.312-0.819 0-1.131s-0.819-0.312-1.131 0l-9.034 9.034-9.034-9.034c-0.312-0.312-0.819-0.312-1.131 0s-0.312 0.819 0 1.131l9.034 9.034-9.034 9.034c-0.312 0.312-0.312 0.819 0 1.131 0.156 0.156 0.361 0.234 0.566 0.234s0.409-0.078 0.566-0.234l9.034-9.034 9.034 9.034c0.156 0.156 0.361 0.234 0.566 0.234s0.409-0.078 0.566-0.234c0.312-0.312 0.312-0.819 0-1.131l-9.034-9.034z\\&quot;&gt;<\/path&gt;<\/svg&gt;&quot;},&quot;wrapperClass&quot;:&quot;gkitf06ef1&quot;}\"><a data-fancybox=\"true\" data-src=\"https:\/\/youtube.com\/shorts\/bf_mi1utG3I\" data-custom-class=\"gkit-video-popup-yt\" href=\"#\" class=\"gkit_icon_button glow-btn \n       color-glow gkit-video-popup gkit-video-popup-btn fancybox.iframe\" aria-label=\"Play Video\"><span class=\"icon-play\"><svg version=\"1.1\" xmlns=\"http:\/\/www.w3.org\/2000\/svg\" width=\"32\" height=\"32\" viewBox=\"0 0 32 32\" class=\"gkit-icon\">\n<title>play-button<\/title>\n<path d=\"M27.481 15.773l-22.096-15.238c-0.234-0.161-0.537-0.178-0.787-0.047-0.251 0.132-0.408 0.391-0.408 0.674v30.477c0 0.283 0.157 0.543 0.408 0.675 0.111 0.058 0.233 0.087 0.354 0.087 0.152 0 0.302-0.046 0.433-0.135l22.096-15.238c0.206-0.142 0.329-0.376 0.329-0.627s-0.123-0.485-0.329-0.627z\"><\/path>\n<\/svg>\n<\/span><\/a><\/div><\/div>\n <\/div><\/div>\n <\/div><\/div>\n \n\n \n<div data-block=\"gutenkit\/container\" data-post-id=\"5101\" id=\"block-991062f6-9ed3-40e5-acb0-a3806e6cfa59\" class=\"wp-block-gutenkit-container alignfull gkit6cfa59 gutenkit-block\"><div class=\"gkit-block__inner\"> \n<div data-block=\"gutenkit\/container\" data-post-id=\"5101\" id=\"block-1be4cb72-167d-488a-b84a-3bdf6ce980ae\" class=\"wp-block-gutenkit-container gkit-block-custom-wide gkite980ae gutenkit-block\"><div class=\"gkit-block__inner\"> \n<div data-block=\"gutenkit\/heading\" data-post-id=\"5101\" class=\"wp-block-gutenkit-heading gkit-heading-border-position-start gkitc8115c gutenkit-block\" id=\"block-9ca8fecf-66c3-479d-9d2a-1a592ff32ee6\"><h3 class=\"gkit-heading-subtitle\">Hotel campestre<\/h3><h2 class=\"gkit-heading-title\">Un un entorno natural<\/h2><div class=\"gkit-heading-description\"><p>Nuestro hotel campestre es un refugio de lujo ubicado a la orilla del r\u00edo, en un entorno natural impresionante y tranquilo. Situado a solo 1 kil\u00f3metro del pueblo de Tob\u00eda, este hotel es ideal para aquellos que buscan un lugar de descanso y relajaci\u00f3n, rodeado de naturaleza y con todas las comodidades.<\/p><\/div><\/div>\n \n\n \n<a data-block=\"gutenkit\/icon-box\" data-post-id=\"5101\" id=\"block-a2ea6f04-0051-4ed9-9d51-72a3b8145d91\" class=\"wp-block-gutenkit-icon-box gkit-icon-box gkit145d91 gutenkit-block\"><div class=\"gkit-icon-box-body\"><p identifier=\"title\" class=\"gkit-icon-box-title\">Ideal para Celebrar Fechas Especiales y Eventos<\/p><p identifier=\"content\" class=\"gkit-icon-box-description\"><strong>Parqueadero amplio:<\/strong> nuestro parqueadero es amplio y seguro, para que puedas dejar tu veh\u00edculo sin preocupaciones.<br><strong>Gran piscina:<\/strong> disfruta de un refrescante ba\u00f1o en nuestra gran piscina, rodeada de zonas verdes y vistas impresionantes del r\u00edo.<br><strong>Jacuzzi: <\/strong>rel\u00e1jate y disfruta de un ba\u00f1o caliente en nuestro Jacuzzi, perfecto para desestresarte y rejuvenecer.<br><strong>Zonas verdes: <\/strong>nuestro hotel cuenta con hermosas zonas verdes, perfectas para pasear y disfrutar de la naturaleza.<br><strong>Sal\u00f3n de videoconferencias:<\/strong> nuestro sal\u00f3n de videoconferencias es ideal para reuniones y eventos de negocios.<br><strong>Comida t\u00edpica deliciosa:<\/strong> disfruta de nuestra deliciosa comida t\u00edpica, preparada con ingredientes frescos y locales.<\/p><\/div><\/a>\n \n\n \n<a data-block=\"gutenkit\/icon-box\" data-post-id=\"5101\" id=\"block-219dd6c4-3420-450f-8976-d46330d94364\" class=\"wp-block-gutenkit-icon-box gkit-icon-box gkitd94364 gutenkit-block\"><div class=\"gkit-icon-box-body\"><p identifier=\"title\" class=\"gkit-icon-box-title\">Amenidades y Servicios<\/p><p identifier=\"content\" class=\"gkit-icon-box-description\"><strong>Habitaciones con vista al r\u00edo:<\/strong> nuestras habitaciones con vista al r\u00edo ofrecen una vista impresionante del r\u00edo y del entorno natural.<br><strong>Habitaciones con vista a la monta\u00f1a: <\/strong>nuestras habitaciones con vista a la monta\u00f1a ofrecen una vista panor\u00e1mica de la monta\u00f1a y del paisaje circundante.<br><strong>Eventos y celebraciones:<\/strong> nuestro hotel es ideal para celebrar fechas especiales y eventos, como bodas, aniversarios y cumplea\u00f1os.<br><strong>Atenci\u00f3n personalizada:<\/strong> nuestro equipo de servicio est\u00e1 siempre dispuesto a atender tus necesidades y hacer que tu estancia sea inolvidable.<br>Relajaci\u00f3n y descanso: nuestro hotel campestre es el lugar perfecto para relajarte y descansar en un entorno natural impresionante.<br>Comodidad y lujo: nuestras habitaciones y amenities ofrecen comodidad y lujo, para que puedas disfrutar de una estancia inolvidable.<br>Atenci\u00f3n personalizada: nuestro equipo de servicio est\u00e1 siempre dispuesto a atender tus necesidades y hacer que tu estancia sea inolvidable.<\/p><\/div><\/a>\n \n\n \n<div data-block=\"gutenkit\/button\" data-post-id=\"5101\" id=\"block-19e4ffe7-7954-4b84-a1d5-871fdc1e9574\" class=\"wp-block-gutenkit-button gkit1e9574 gutenkit-block\"><div class=\"gkit-btn-wraper\"><a class=\"gkit-btn\" href=\"https:\/\/wa.me\/573107215568\" target=\"_blank\" rel=\"noopener\">Reservar Ahora<\/a><\/div><\/div>\n <\/div><\/div>\n \n\n \n<div data-block=\"gutenkit\/container\" data-post-id=\"5101\" id=\"block-8d1416b8-c5de-4950-9286-4c6e118a2638\" class=\"wp-block-gutenkit-container gkit-block-custom-wide gkit8a2638 gutenkit-block\"><div class=\"gkit-block__inner\">\t\t\t\t\t<div\n\t\t\t\t\t\tclass=\"wp-block-uagb-image-gallery uagb-block-ab8d63d6     \"\n\t\t\t\t\t\tstyle=\"\"\n\t\t\t\t\t>\n\t\t\t\t\t\t\t\t\t\t\t<div class=\"spectra-image-gallery spectra-image-gallery__layout--grid spectra-image-gallery__layout--grid-col-2 spectra-image-gallery__layout--grid-col-tab-3 spectra-image-gallery__layout--grid-col-mob-2\">\n\t\t\t\t\t\t\t\t\t\t\t<div class='spectra-image-gallery__media-wrapper' data-spectra-gallery-image-id='3394' tabindex=\"0\">\n\t\t\t\t\t\t\t<div class=\"spectra-image-gallery__media spectra-image-gallery__media--grid\">\n\t\t\t\t<picture>\n\t\t\t\t\t<source media=\"(min-width: 1024px)\" srcset=\"https:\/\/tobiaturistica.com\/wp-content\/uploads\/2022\/10\/DSC_0541-1024x683.jpg\">\n\t\t\t\t\t<source media=\"(min-width: 768px)\" srcset=\"https:\/\/tobiaturistica.com\/wp-content\/uploads\/2022\/10\/DSC_0541-1024x683.jpg\">\n\t\t\t\t\t<img decoding=\"async\" class=\"spectra-image-gallery__media-thumbnail spectra-image-gallery__media-thumbnail--grid\" src=\"https:\/\/tobiaturistica.com\/wp-content\/uploads\/2022\/10\/DSC_0541-300x200.jpg\" alt=\"\" loading=\"lazy\" \/>\n\t\t\t\t<\/picture>\n\t\t\t\t<div class=\"spectra-image-gallery__media-thumbnail-blurrer\"><\/div>\n\t\t\t\t\t\t\t\t\t\t\t<div class=\"spectra-image-gallery__media-thumbnail-caption-wrapper spectra-image-gallery__media-thumbnail-caption-wrapper--overlay\"><\/div>\n\t\t\t\t\t\t\t\t<\/div>\n\t\t\t\t\t\t<\/div>\n\t\t\t\t\t\t<div class='spectra-image-gallery__media-wrapper' data-spectra-gallery-image-id='3392' tabindex=\"0\">\n\t\t\t\t\t\t\t<div class=\"spectra-image-gallery__media spectra-image-gallery__media--grid\">\n\t\t\t\t<picture>\n\t\t\t\t\t<source media=\"(min-width: 1024px)\" srcset=\"https:\/\/tobiaturistica.com\/wp-content\/uploads\/2022\/10\/DSC_0535-1024x683.jpg\">\n\t\t\t\t\t<source media=\"(min-width: 768px)\" srcset=\"https:\/\/tobiaturistica.com\/wp-content\/uploads\/2022\/10\/DSC_0535-1024x683.jpg\">\n\t\t\t\t\t<img decoding=\"async\" class=\"spectra-image-gallery__media-thumbnail spectra-image-gallery__media-thumbnail--grid\" src=\"https:\/\/tobiaturistica.com\/wp-content\/uploads\/2022\/10\/DSC_0535-300x200.jpg\" alt=\"\" loading=\"lazy\" \/>\n\t\t\t\t<\/picture>\n\t\t\t\t<div class=\"spectra-image-gallery__media-thumbnail-blurrer\"><\/div>\n\t\t\t\t\t\t\t\t\t\t\t<div class=\"spectra-image-gallery__media-thumbnail-caption-wrapper spectra-image-gallery__media-thumbnail-caption-wrapper--overlay\"><\/div>\n\t\t\t\t\t\t\t\t<\/div>\n\t\t\t\t\t\t<\/div>\n\t\t\t\t\t\t<div class='spectra-image-gallery__media-wrapper' data-spectra-gallery-image-id='3390' tabindex=\"0\">\n\t\t\t\t\t\t\t<div class=\"spectra-image-gallery__media spectra-image-gallery__media--grid\">\n\t\t\t\t<picture>\n\t\t\t\t\t<source media=\"(min-width: 1024px)\" srcset=\"https:\/\/tobiaturistica.com\/wp-content\/uploads\/2022\/10\/DSC_0073-1-1024x683.jpg\">\n\t\t\t\t\t<source media=\"(min-width: 768px)\" srcset=\"https:\/\/tobiaturistica.com\/wp-content\/uploads\/2022\/10\/DSC_0073-1-1024x683.jpg\">\n\t\t\t\t\t<img decoding=\"async\" class=\"spectra-image-gallery__media-thumbnail spectra-image-gallery__media-thumbnail--grid\" src=\"https:\/\/tobiaturistica.com\/wp-content\/uploads\/2022\/10\/DSC_0073-1-300x200.jpg\" alt=\"\" loading=\"lazy\" \/>\n\t\t\t\t<\/picture>\n\t\t\t\t<div class=\"spectra-image-gallery__media-thumbnail-blurrer\"><\/div>\n\t\t\t\t\t\t\t\t\t\t\t<div class=\"spectra-image-gallery__media-thumbnail-caption-wrapper spectra-image-gallery__media-thumbnail-caption-wrapper--overlay\"><\/div>\n\t\t\t\t\t\t\t\t<\/div>\n\t\t\t\t\t\t<\/div>\n\t\t\t\t\t\t<div class='spectra-image-gallery__media-wrapper' data-spectra-gallery-image-id='3386' tabindex=\"0\">\n\t\t\t\t\t\t\t<div class=\"spectra-image-gallery__media spectra-image-gallery__media--grid\">\n\t\t\t\t<picture>\n\t\t\t\t\t<source media=\"(min-width: 1024px)\" srcset=\"https:\/\/tobiaturistica.com\/wp-content\/uploads\/2022\/10\/DSC_0577-683x1024.jpg\">\n\t\t\t\t\t<source media=\"(min-width: 768px)\" srcset=\"https:\/\/tobiaturistica.com\/wp-content\/uploads\/2022\/10\/DSC_0577-683x1024.jpg\">\n\t\t\t\t\t<img decoding=\"async\" class=\"spectra-image-gallery__media-thumbnail spectra-image-gallery__media-thumbnail--grid\" src=\"https:\/\/tobiaturistica.com\/wp-content\/uploads\/2022\/10\/DSC_0577-200x300.jpg\" alt=\"\" loading=\"lazy\" \/>\n\t\t\t\t<\/picture>\n\t\t\t\t<div class=\"spectra-image-gallery__media-thumbnail-blurrer\"><\/div>\n\t\t\t\t\t\t\t\t\t\t\t<div class=\"spectra-image-gallery__media-thumbnail-caption-wrapper spectra-image-gallery__media-thumbnail-caption-wrapper--overlay\"><\/div>\n\t\t\t\t\t\t\t\t<\/div>\n\t\t\t\t\t\t<\/div>\n\t\t\t\t\t\t<div class='spectra-image-gallery__media-wrapper' data-spectra-gallery-image-id='3384' tabindex=\"0\">\n\t\t\t\t\t\t\t<div class=\"spectra-image-gallery__media spectra-image-gallery__media--grid\">\n\t\t\t\t<picture>\n\t\t\t\t\t<source media=\"(min-width: 1024px)\" srcset=\"https:\/\/tobiaturistica.com\/wp-content\/uploads\/2022\/10\/DSC_0072-1024x683.jpg\">\n\t\t\t\t\t<source media=\"(min-width: 768px)\" srcset=\"https:\/\/tobiaturistica.com\/wp-content\/uploads\/2022\/10\/DSC_0072-1024x683.jpg\">\n\t\t\t\t\t<img decoding=\"async\" class=\"spectra-image-gallery__media-thumbnail spectra-image-gallery__media-thumbnail--grid\" src=\"https:\/\/tobiaturistica.com\/wp-content\/uploads\/2022\/10\/DSC_0072-300x200.jpg\" alt=\"\" loading=\"lazy\" \/>\n\t\t\t\t<\/picture>\n\t\t\t\t<div class=\"spectra-image-gallery__media-thumbnail-blurrer\"><\/div>\n\t\t\t\t\t\t\t\t\t\t\t<div class=\"spectra-image-gallery__media-thumbnail-caption-wrapper spectra-image-gallery__media-thumbnail-caption-wrapper--overlay\"><\/div>\n\t\t\t\t\t\t\t\t<\/div>\n\t\t\t\t\t\t<\/div>\n\t\t\t\t\t\t<div class='spectra-image-gallery__media-wrapper' data-spectra-gallery-image-id='3383' tabindex=\"0\">\n\t\t\t\t\t\t\t<div class=\"spectra-image-gallery__media spectra-image-gallery__media--grid\">\n\t\t\t\t<picture>\n\t\t\t\t\t<source media=\"(min-width: 1024px)\" srcset=\"https:\/\/tobiaturistica.com\/wp-content\/uploads\/2022\/10\/DSC_0058-1024x683.jpg\">\n\t\t\t\t\t<source media=\"(min-width: 768px)\" srcset=\"https:\/\/tobiaturistica.com\/wp-content\/uploads\/2022\/10\/DSC_0058-1024x683.jpg\">\n\t\t\t\t\t<img decoding=\"async\" class=\"spectra-image-gallery__media-thumbnail spectra-image-gallery__media-thumbnail--grid\" src=\"https:\/\/tobiaturistica.com\/wp-content\/uploads\/2022\/10\/DSC_0058-300x200.jpg\" alt=\"\" loading=\"lazy\" \/>\n\t\t\t\t<\/picture>\n\t\t\t\t<div class=\"spectra-image-gallery__media-thumbnail-blurrer\"><\/div>\n\t\t\t\t\t\t\t\t\t\t\t<div class=\"spectra-image-gallery__media-thumbnail-caption-wrapper spectra-image-gallery__media-thumbnail-caption-wrapper--overlay\"><\/div>\n\t\t\t\t\t\t\t\t<\/div>\n\t\t\t\t\t\t<\/div>\n\t\t\t\t\t\t<div class='spectra-image-gallery__media-wrapper' data-spectra-gallery-image-id='3380' tabindex=\"0\">\n\t\t\t\t\t\t\t<div class=\"spectra-image-gallery__media spectra-image-gallery__media--grid\">\n\t\t\t\t<picture>\n\t\t\t\t\t<source media=\"(min-width: 1024px)\" srcset=\"https:\/\/tobiaturistica.com\/wp-content\/uploads\/2022\/10\/DSC_0048-1-1024x683.jpg\">\n\t\t\t\t\t<source media=\"(min-width: 768px)\" srcset=\"https:\/\/tobiaturistica.com\/wp-content\/uploads\/2022\/10\/DSC_0048-1-1024x683.jpg\">\n\t\t\t\t\t<img decoding=\"async\" class=\"spectra-image-gallery__media-thumbnail spectra-image-gallery__media-thumbnail--grid\" src=\"https:\/\/tobiaturistica.com\/wp-content\/uploads\/2022\/10\/DSC_0048-1-300x200.jpg\" alt=\"\" loading=\"lazy\" \/>\n\t\t\t\t<\/picture>\n\t\t\t\t<div class=\"spectra-image-gallery__media-thumbnail-blurrer\"><\/div>\n\t\t\t\t\t\t\t\t\t\t\t<div class=\"spectra-image-gallery__media-thumbnail-caption-wrapper spectra-image-gallery__media-thumbnail-caption-wrapper--overlay\"><\/div>\n\t\t\t\t\t\t\t\t<\/div>\n\t\t\t\t\t\t<\/div>\n\t\t\t\t\t\t<div class='spectra-image-gallery__media-wrapper' data-spectra-gallery-image-id='3381' tabindex=\"0\">\n\t\t\t\t\t\t\t<div class=\"spectra-image-gallery__media spectra-image-gallery__media--grid\">\n\t\t\t\t<picture>\n\t\t\t\t\t<source media=\"(min-width: 1024px)\" srcset=\"https:\/\/tobiaturistica.com\/wp-content\/uploads\/2022\/10\/DSC_0050-1024x683.jpg\">\n\t\t\t\t\t<source media=\"(min-width: 768px)\" srcset=\"https:\/\/tobiaturistica.com\/wp-content\/uploads\/2022\/10\/DSC_0050-1024x683.jpg\">\n\t\t\t\t\t<img decoding=\"async\" class=\"spectra-image-gallery__media-thumbnail spectra-image-gallery__media-thumbnail--grid\" src=\"https:\/\/tobiaturistica.com\/wp-content\/uploads\/2022\/10\/DSC_0050-300x200.jpg\" alt=\"\" loading=\"lazy\" \/>\n\t\t\t\t<\/picture>\n\t\t\t\t<div class=\"spectra-image-gallery__media-thumbnail-blurrer\"><\/div>\n\t\t\t\t\t\t\t\t\t\t\t<div class=\"spectra-image-gallery__media-thumbnail-caption-wrapper spectra-image-gallery__media-thumbnail-caption-wrapper--overlay\"><\/div>\n\t\t\t\t\t\t\t\t<\/div>\n\t\t\t\t\t\t<\/div>\n\t\t\t\t\t\t\t\t\t\t<\/div>\n\t\t\t\t\t\t\t\t\t\t\t\t\t\t\t\t\t\t<\/div>\n\t\t\t\t\t\t\t\t\t\t\t<div class='spectra-image-gallery__control-lightbox' tabindex='0'>\n\t\t\t\t\t\t\t\t\t\t\t<div class=\"swiper spectra-image-gallery__control-lightbox--main\" dir=\"\">\n\t\t\t\t\t<div class=\"swiper-wrapper\">\n\t\t\t\t\t\t\t\t\t\t\t\t\t\n\t\t\t\t\t\t\t<div class=\"swiper-slide\">\n\t\t\t\t\t\t\t\t<img loading=\"lazy\" class=\"swiper-lazy\" data-src=\"https:\/\/tobiaturistica.com\/wp-content\/uploads\/2022\/10\/DSC_0541-scaled.jpg\" alt=\"\"\/>\n\t\t\t\t\t\t\t\t<div class=\"swiper-lazy-preloader swiper-lazy-preloader-white\"><\/div>\n\t\t\t\t\t\t\t\t\t\t\t\t\t\t\t<\/div>\n\t\t\t\t\t\t\t\t\t\t\t\t\t\n\t\t\t\t\t\t\t<div class=\"swiper-slide\">\n\t\t\t\t\t\t\t\t<img loading=\"lazy\" class=\"swiper-lazy\" data-src=\"https:\/\/tobiaturistica.com\/wp-content\/uploads\/2022\/10\/DSC_0535-scaled.jpg\" alt=\"\"\/>\n\t\t\t\t\t\t\t\t<div class=\"swiper-lazy-preloader swiper-lazy-preloader-white\"><\/div>\n\t\t\t\t\t\t\t\t\t\t\t\t\t\t\t<\/div>\n\t\t\t\t\t\t\t\t\t\t\t\t\t\n\t\t\t\t\t\t\t<div class=\"swiper-slide\">\n\t\t\t\t\t\t\t\t<img loading=\"lazy\" class=\"swiper-lazy\" data-src=\"https:\/\/tobiaturistica.com\/wp-content\/uploads\/2022\/10\/DSC_0073-1-scaled.jpg\" alt=\"\"\/>\n\t\t\t\t\t\t\t\t<div class=\"swiper-lazy-preloader swiper-lazy-preloader-white\"><\/div>\n\t\t\t\t\t\t\t\t\t\t\t\t\t\t\t<\/div>\n\t\t\t\t\t\t\t\t\t\t\t\t\t\n\t\t\t\t\t\t\t<div class=\"swiper-slide\">\n\t\t\t\t\t\t\t\t<img loading=\"lazy\" class=\"swiper-lazy\" data-src=\"https:\/\/tobiaturistica.com\/wp-content\/uploads\/2022\/10\/DSC_0577-scaled.jpg\" alt=\"\"\/>\n\t\t\t\t\t\t\t\t<div class=\"swiper-lazy-preloader swiper-lazy-preloader-white\"><\/div>\n\t\t\t\t\t\t\t\t\t\t\t\t\t\t\t<\/div>\n\t\t\t\t\t\t\t\t\t\t\t\t\t\n\t\t\t\t\t\t\t<div class=\"swiper-slide\">\n\t\t\t\t\t\t\t\t<img loading=\"lazy\" class=\"swiper-lazy\" data-src=\"https:\/\/tobiaturistica.com\/wp-content\/uploads\/2022\/10\/DSC_0072-scaled.jpg\" alt=\"\"\/>\n\t\t\t\t\t\t\t\t<div class=\"swiper-lazy-preloader swiper-lazy-preloader-white\"><\/div>\n\t\t\t\t\t\t\t\t\t\t\t\t\t\t\t<\/div>\n\t\t\t\t\t\t\t\t\t\t\t\t\t\n\t\t\t\t\t\t\t<div class=\"swiper-slide\">\n\t\t\t\t\t\t\t\t<img loading=\"lazy\" class=\"swiper-lazy\" data-src=\"https:\/\/tobiaturistica.com\/wp-content\/uploads\/2022\/10\/DSC_0058-scaled.jpg\" alt=\"\"\/>\n\t\t\t\t\t\t\t\t<div class=\"swiper-lazy-preloader swiper-lazy-preloader-white\"><\/div>\n\t\t\t\t\t\t\t\t\t\t\t\t\t\t\t<\/div>\n\t\t\t\t\t\t\t\t\t\t\t\t\t\n\t\t\t\t\t\t\t<div class=\"swiper-slide\">\n\t\t\t\t\t\t\t\t<img loading=\"lazy\" class=\"swiper-lazy\" data-src=\"https:\/\/tobiaturistica.com\/wp-content\/uploads\/2022\/10\/DSC_0048-1-scaled.jpg\" alt=\"\"\/>\n\t\t\t\t\t\t\t\t<div class=\"swiper-lazy-preloader swiper-lazy-preloader-white\"><\/div>\n\t\t\t\t\t\t\t\t\t\t\t\t\t\t\t<\/div>\n\t\t\t\t\t\t\t\t\t\t\t\t\t\n\t\t\t\t\t\t\t<div class=\"swiper-slide\">\n\t\t\t\t\t\t\t\t<img loading=\"lazy\" class=\"swiper-lazy\" data-src=\"https:\/\/tobiaturistica.com\/wp-content\/uploads\/2022\/10\/DSC_0050-scaled.jpg\" alt=\"\"\/>\n\t\t\t\t\t\t\t\t<div class=\"swiper-lazy-preloader swiper-lazy-preloader-white\"><\/div>\n\t\t\t\t\t\t\t\t\t\t\t\t\t\t\t<\/div>\n\t\t\t\t\t\t\t\t\t\t\t<\/div>\n\t\t\t\t\t<div class=\"swiper-button-next\"><\/div>\n\t\t\t\t\t<div class=\"swiper-button-prev\"><\/div>\n\t\t\t\t<\/div>\t\t\t\n\t\t\t\t\t\t\t\t\t\t\t\t\t\t\t\t\t\t\t\t\t\t\t\t\t\t\t\t\t\t\t\t<button class='spectra-image-gallery__control-lightbox--close' aria-label=\"Close\">\n\t\t\t\t\t\t\t\t\t\t\t\t\t<svg xmlns=\"https:\/\/www.w3.org\/2000\/svg\" viewBox= \"0 0 320 512\"><path d=\"M310.6 361.4c12.5 12.5 12.5 32.75 0 45.25C304.4 412.9 296.2 416 288 416s-16.38-3.125-22.62-9.375L160 301.3L54.63 406.6C48.38 412.9 40.19 416 32 416S15.63 412.9 9.375 406.6c-12.5-12.5-12.5-32.75 0-45.25l105.4-105.4L9.375 150.6c-12.5-12.5-12.5-32.75 0-45.25s32.75-12.5 45.25 0L160 210.8l105.4-105.4c12.5-12.5 32.75-12.5 45.25 0s12.5 32.75 0 45.25l-105.4 105.4L310.6 361.4z\"><\/path><\/svg>\n\t\t\t\t\t\t\t\t\t\t\t\t<\/button>\n\t\t\t\t\t\t\t\t\t\t\t\t\t<\/div>\n\t\t\t\t\t\t\t\t\t<\/div><\/div>\n <\/div><\/div>\n \n\n \n<div data-block=\"gutenkit\/container\" data-post-id=\"5101\" id=\"block-dc80a832-320b-48d0-b7e4-c1daec01d1e0\" class=\"wp-block-gutenkit-container alignfull gkit01d1e0 gutenkit-block\"><div class=\"gkit-container-overlay\"><\/div><div class=\"gkit-block__inner\"> \n<div data-block=\"gutenkit\/heading\" data-post-id=\"5101\" class=\"wp-block-gutenkit-heading gkit-heading-border-position-start gkitdfc1f6 gutenkit-block\" id=\"block-43c683d7-cf6c-4738-ac36-306518d66129\"><a href=\"https:\/\/tobiaturistica.com\/?page_id=1229\" class=\"external-link\"><h2 class=\"gkit-heading-title\">\u00a1Reserva ahora!<\/h2><\/a><div class=\"gkit-heading-description\"><p>No te pierdas la oportunidad de disfrutar de un refugio perfecto en nuestra finca. Reserva ahora y prep\u00e1rate para una experiencia inolvidable en el campo, cerca al pueblo de Tob\u00eda.<\/p><\/div><\/div>\n \n\n \n<div data-block=\"gutenkit\/video\" data-post-id=\"5101\" id=\"block-3e038e4f-1ee0-460b-a0be-63f2a7f38eca\" class=\"wp-block-gutenkit-video gkitf38eca gutenkit-block\"><div class=\"video-content\" id=\"video-content\" data-settings=\"{&quot;videoStyleOptions&quot;:&quot;popup&quot;,&quot;videoType&quot;:&quot;youtube&quot;,&quot;playerControl&quot;:true,&quot;isAutoPlay&quot;:false,&quot;isVideoMute&quot;:true,&quot;isVideoLoop&quot;:false,&quot;isPlayOnMobile&quot;:true,&quot;isImageOverlay&quot;:false,&quot;overlayPlayIcon&quot;:false,&quot;overlayLightbox&quot;:false,&quot;videoStartTime&quot;:0,&quot;videoEndTime&quot;:&quot;&quot;,&quot;isIntroTitle&quot;:false,&quot;isIntroPortrait&quot;:false,&quot;isIntroByLine&quot;:false,&quot;getYoutubeVideoId&quot;:&quot;mCIO63p1wQM&quot;,&quot;videoPreLoad&quot;:&quot;auto&quot;,&quot;selfVideoURL&quot;:&quot;https:\/\/wpmet.com\/plugin\/elementskit\/wp-content\/uploads\/2022\/11\/selfhosted_video.mp4&quot;,&quot;isDownloadButton&quot;:true,&quot;isPlayerControlsEnabled&quot;:true,&quot;gkitVideoCloseButtonIcon&quot;:{&quot;title&quot;:&quot;cross&quot;,&quot;src&quot;:&quot;<svg xmlns=\\&quot;http:\/\/www.w3.org\/2000\/svg\\&quot; viewBox=\\&quot;0 0 32 32\\&quot;&gt;<path d=\\&quot;M17.131 16.8l9.034-9.034c0.312-0.312 0.312-0.819 0-1.131s-0.819-0.312-1.131 0l-9.034 9.034-9.034-9.034c-0.312-0.312-0.819-0.312-1.131 0s-0.312 0.819 0 1.131l9.034 9.034-9.034 9.034c-0.312 0.312-0.312 0.819 0 1.131 0.156 0.156 0.361 0.234 0.566 0.234s0.409-0.078 0.566-0.234l9.034-9.034 9.034 9.034c0.156 0.156 0.361 0.234 0.566 0.234s0.409-0.078 0.566-0.234c0.312-0.312 0.312-0.819 0-1.131l-9.034-9.034z\\&quot;&gt;<\/path&gt;<\/svg&gt;&quot;},&quot;wrapperClass&quot;:&quot;gkitf38eca&quot;}\"><a data-fancybox=\"true\" data-src=\"https:\/\/www.youtube.com\/watch?v=mCIO63p1wQM\" data-custom-class=\"gkit-video-popup-yt\" href=\"#\" class=\"gkit_icon_button glow-btn \n       color-glow gkit-video-popup gkit-video-popup-btn fancybox.iframe\" aria-label=\"Play Video\"><span class=\"icon-play\"><svg version=\"1.1\" xmlns=\"http:\/\/www.w3.org\/2000\/svg\" width=\"32\" height=\"32\" viewBox=\"0 0 32 32\" class=\"gkit-icon\">\n<title>play-button<\/title>\n<path d=\"M27.481 15.773l-22.096-15.238c-0.234-0.161-0.537-0.178-0.787-0.047-0.251 0.132-0.408 0.391-0.408 0.674v30.477c0 0.283 0.157 0.543 0.408 0.675 0.111 0.058 0.233 0.087 0.354 0.087 0.152 0 0.302-0.046 0.433-0.135l22.096-15.238c0.206-0.142 0.329-0.376 0.329-0.627s-0.123-0.485-0.329-0.627z\"><\/path>\n<\/svg>\n<\/span><\/a><\/div><\/div>\n <\/div><\/div>\n ","protected":false},"excerpt":{"rendered":"","protected":false},"author":1,"featured_media":0,"parent":0,"menu_order":0,"comment_status":"closed","ping_status":"closed","template":"","meta":{"_uag_custom_page_level_css":"","postBodyCss":"","postBodyMargin":[],"postBodyPadding":[],"postBodyBackground":{"backgroundType":"classic","gradient":""},"_kad_post_transparent":"","_kad_post_title":"hide","_kad_post_layout":"fullwidth","_kad_post_sidebar_id":"","_kad_post_content_style":"unboxed","_kad_post_vertical_padding":"","_kad_post_feature":"","_kad_post_feature_position":"","_kad_post_header":false,"_kad_post_footer":false,"_kad_post_classname":"","_joinchat":[],"footnotes":""},"class_list":["post-5101","page","type-page","status-publish","hentry"],"uagb_featured_image_src":{"full":false,"thumbnail":false,"medium":false,"medium_large":false,"large":false,"1536x1536":false,"2048x2048":false},"uagb_author_info":{"display_name":"mackonen","author_link":"https:\/\/tobiaturistica.com\/author\/tobiatur"},"uagb_comment_info":0,"uagb_excerpt":null,"_links":{"self":[{"href":"https:\/\/tobiaturistica.com\/index.php?rest_route=\/wp\/v2\/pages\/5101","targetHints":{"allow":["GET"]}}],"collection":[{"href":"https:\/\/tobiaturistica.com\/index.php?rest_route=\/wp\/v2\/pages"}],"about":[{"href":"https:\/\/tobiaturistica.com\/index.php?rest_route=\/wp\/v2\/types\/page"}],"author":[{"embeddable":true,"href":"https:\/\/tobiaturistica.com\/index.php?rest_route=\/wp\/v2\/users\/1"}],"replies":[{"embeddable":true,"href":"https:\/\/tobiaturistica.com\/index.php?rest_route=%2Fwp%2Fv2%2Fcomments&post=5101"}],"version-history":[{"count":7,"href":"https:\/\/tobiaturistica.com\/index.php?rest_route=\/wp\/v2\/pages\/5101\/revisions"}],"predecessor-version":[{"id":5542,"href":"https:\/\/tobiaturistica.com\/index.php?rest_route=\/wp\/v2\/pages\/5101\/revisions\/5542"}],"wp:attachment":[{"href":"https:\/\/tobiaturistica.com\/index.php?rest_route=%2Fwp%2Fv2%2Fmedia&parent=5101"}],"curies":[{"name":"wp","href":"https:\/\/api.w.org\/{rel}","templated":true}]}}