{"id":5105,"date":"2025-08-16T23:24:00","date_gmt":"2025-08-16T23:24:00","guid":{"rendered":"https:\/\/tobiaturistica.com\/?page_id=5105"},"modified":"2025-08-22T15:22:46","modified_gmt":"2025-08-22T15:22:46","slug":"hospedaje-tierra-viva","status":"publish","type":"page","link":"https:\/\/tobiaturistica.com\/?page_id=5105","title":{"rendered":"Hospedaje Tierra viva"},"content":{"rendered":" \n<div data-block=\"gutenkit\/container\" data-post-id=\"5105\" id=\"block-8b0dd36c-ce73-4226-9a90-1c9647d00638\" class=\"wp-block-gutenkit-container alignfull gkitd00638 gutenkit-block\"><div class=\"gkit-block__inner\"> \n<div data-block=\"gutenkit\/heading\" data-post-id=\"5105\" class=\"wp-block-gutenkit-heading gkit-heading-border-position-start gkit2eb70d gutenkit-block\" id=\"block-9111cbb4-2553-41ee-930b-52c650363e09\"><h2 class=\"gkit-heading-title\">Tierra<strong>viva<br><\/strong>Finca<\/h2><\/div>\n \n\n \n<div data-block=\"gutenkit\/container\" data-post-id=\"5105\" id=\"block-f081fd9e-735b-4d09-8531-dc69c53b0537\" class=\"wp-block-gutenkit-container alignfull gkit3b0537 gutenkit-block\"><div class=\"gkit-block__inner\"> \n<div data-block=\"gutenkit\/button\" data-post-id=\"5105\" id=\"block-4abc1178-1a02-46d2-8583-ea5db95778ce\" class=\"wp-block-gutenkit-button gkit5778ce gutenkit-block\"><div class=\"gkit-btn-wraper\"><a class=\"gkit-btn\" href=\"https:\/\/tobiaturistica.com\/?page_id=1229\">reservar<\/a><\/div><\/div>\n \n\n \n<div data-block=\"gutenkit\/video\" data-post-id=\"5105\" id=\"block-717d8804-b33d-420a-9c02-29db2cddf900\" class=\"wp-block-gutenkit-video gkitddf900 gutenkit-block\"><div class=\"video-content\" id=\"video-content\" data-settings=\"{&quot;videoStyleOptions&quot;:&quot;popup&quot;,&quot;videoType&quot;:&quot;youtube&quot;,&quot;playerControl&quot;:true,&quot;isAutoPlay&quot;:false,&quot;isVideoMute&quot;:true,&quot;isVideoLoop&quot;:false,&quot;isPlayOnMobile&quot;:true,&quot;isImageOverlay&quot;:false,&quot;overlayPlayIcon&quot;:false,&quot;overlayLightbox&quot;:false,&quot;videoStartTime&quot;:0,&quot;videoEndTime&quot;:&quot;&quot;,&quot;isIntroTitle&quot;:false,&quot;isIntroPortrait&quot;:false,&quot;isIntroByLine&quot;:false,&quot;getYoutubeVideoId&quot;:&quot;bf_mi1utG3I&quot;,&quot;videoPreLoad&quot;:&quot;auto&quot;,&quot;selfVideoURL&quot;:&quot;https:\/\/wpmet.com\/plugin\/elementskit\/wp-content\/uploads\/2022\/11\/selfhosted_video.mp4&quot;,&quot;isDownloadButton&quot;:true,&quot;isPlayerControlsEnabled&quot;:true,&quot;gkitVideoCloseButtonIcon&quot;:{&quot;title&quot;:&quot;cross&quot;,&quot;src&quot;:&quot;<svg xmlns=\\&quot;http:\/\/www.w3.org\/2000\/svg\\&quot; viewBox=\\&quot;0 0 32 32\\&quot;&gt;<path d=\\&quot;M17.131 16.8l9.034-9.034c0.312-0.312 0.312-0.819 0-1.131s-0.819-0.312-1.131 0l-9.034 9.034-9.034-9.034c-0.312-0.312-0.819-0.312-1.131 0s-0.312 0.819 0 1.131l9.034 9.034-9.034 9.034c-0.312 0.312-0.312 0.819 0 1.131 0.156 0.156 0.361 0.234 0.566 0.234s0.409-0.078 0.566-0.234l9.034-9.034 9.034 9.034c0.156 0.156 0.361 0.234 0.566 0.234s0.409-0.078 0.566-0.234c0.312-0.312 0.312-0.819 0-1.131l-9.034-9.034z\\&quot;&gt;<\/path&gt;<\/svg&gt;&quot;},&quot;wrapperClass&quot;:&quot;gkitddf900&quot;}\"><a data-fancybox=\"true\" data-src=\"https:\/\/youtube.com\/shorts\/bf_mi1utG3I\" data-custom-class=\"gkit-video-popup-yt\" href=\"#\" class=\"gkit_icon_button glow-btn \n       color-glow gkit-video-popup gkit-video-popup-btn fancybox.iframe\" aria-label=\"Play Video\"><span class=\"icon-play\"><svg version=\"1.1\" xmlns=\"http:\/\/www.w3.org\/2000\/svg\" width=\"32\" height=\"32\" viewBox=\"0 0 32 32\" class=\"gkit-icon\">\n<title>play-button<\/title>\n<path d=\"M27.481 15.773l-22.096-15.238c-0.234-0.161-0.537-0.178-0.787-0.047-0.251 0.132-0.408 0.391-0.408 0.674v30.477c0 0.283 0.157 0.543 0.408 0.675 0.111 0.058 0.233 0.087 0.354 0.087 0.152 0 0.302-0.046 0.433-0.135l22.096-15.238c0.206-0.142 0.329-0.376 0.329-0.627s-0.123-0.485-0.329-0.627z\"><\/path>\n<\/svg>\n<\/span><\/a><\/div><\/div>\n <\/div><\/div>\n <\/div><\/div>\n \n\n \n<div data-block=\"gutenkit\/container\" data-post-id=\"5105\" id=\"block-991062f6-9ed3-40e5-acb0-a3806e6cfa59\" class=\"wp-block-gutenkit-container alignfull gkit6cfa59 gutenkit-block\"><div class=\"gkit-block__inner\"> \n<div data-block=\"gutenkit\/container\" data-post-id=\"5105\" id=\"block-1be4cb72-167d-488a-b84a-3bdf6ce980ae\" class=\"wp-block-gutenkit-container gkit-block-custom-wide gkite980ae gutenkit-block\"><div class=\"gkit-block__inner\"> \n<div data-block=\"gutenkit\/heading\" data-post-id=\"5105\" class=\"wp-block-gutenkit-heading gkit-heading-border-position-start gkitceeb7a gutenkit-block\" id=\"block-9ca8fecf-66c3-479d-9d2a-1a592ff32ee6\"><h3 class=\"gkit-heading-subtitle\">Finca tierraviva<\/h3><h2 class=\"gkit-heading-title\">Finca Tur\u00edstica<\/h2><div class=\"gkit-heading-description\"><p>Nuestra finca tur\u00edstica es un refugio natural y emocionante ubicado a solo 2 kil\u00f3metros del pueblo de Tob\u00eda y al lado del r\u00edo. Este entorno privilegiado te permite disfrutar de la naturaleza en su estado m\u00e1s puro y realizar actividades de aventura y deporte extremos. Nuestra finca est\u00e1 llena de \u00e1rboles frutales y nativos, lo que te permite disfrutar de la naturaleza en su estado m\u00e1s puro.<br> Jardines  llenos de flores y plantas, lo que te permite disfrutar de la belleza de la naturaleza.<\/p><\/div><\/div>\n \n\n \n<a data-block=\"gutenkit\/icon-box\" data-post-id=\"5105\" id=\"block-7e9b837d-5644-4779-96ce-b3bf31b53ac6\" class=\"wp-block-gutenkit-icon-box gkit-icon-box gkitb53ac6 gutenkit-block\"><div class=\"gkit-icon-box-body\"><p identifier=\"title\" class=\"gkit-icon-box-title\">Amenidades y Servicios<\/p><p identifier=\"content\" class=\"gkit-icon-box-description\"><strong>Piscina: <\/strong>disfruta de un refrescante ba\u00f1o en nuestra piscina, rodeada de jardines y paisajes naturales impresionantes.<br><strong>Zona de fogatas:<\/strong> re\u00fane a tus amigos y familiares alrededor de una fogata y disfruta de noches estrelladas y conversaciones c\u00e1lidas.<br><strong>Cocina bien equipada:<\/strong> nuestra cocina est\u00e1 equipada con todo lo que necesitas para preparar deliciosas comidas y bebidas.<br><strong>Habitaciones acogedoras:<\/strong> nuestras habitaciones son acogedoras y c\u00f3modas, perfectas para descansar y relajarte despu\u00e9s de un d\u00eda de aventuras.<\/p><\/div><\/a>\n \n\n \n<a data-block=\"gutenkit\/icon-box\" data-post-id=\"5105\" id=\"block-3fb1d1f8-3f34-43b9-a476-925da0d5884f\" class=\"wp-block-gutenkit-icon-box gkit-icon-box gkitd5884f gutenkit-block\"><div class=\"gkit-icon-box-body\"><p identifier=\"title\" class=\"gkit-icon-box-title\">Actividades de Aventura y Deporte Extremos<\/p><p identifier=\"content\" class=\"gkit-icon-box-description\"><strong>Rafting:<\/strong> disfruta de una emocionante aventura de rafting en el r\u00edo.<br><strong>Torrentismo: <\/strong>explora los r\u00e1pidos y cascadas del r\u00edo en una emocionante aventura de torrentismo.<br><strong>Escalada:<\/strong> desaf\u00eda tus l\u00edmites en una sesi\u00f3n de escalada en roca.<br><strong>Cabalgatas:<\/strong> disfruta de un paseo a caballo por los paisajes naturales y rurales.<br><strong>Caminatas ecol\u00f3gicas:<\/strong> explora la naturaleza en una caminata ecol\u00f3gica por los alrededores de la finca.<br><strong>Canopy:<\/strong> disfruta de una emocionante aventura de canopy por los \u00e1rboles y paisajes naturales.<\/p><\/div><\/a>\n \n\n \n<div data-block=\"gutenkit\/button\" data-post-id=\"5105\" id=\"block-f35f9ec4-19f1-4302-a3a4-355d58e73fa0\" class=\"wp-block-gutenkit-button gkite73fa0 gutenkit-block\"><div class=\"gkit-btn-wraper\"><a class=\"gkit-btn\" href=\"https:\/\/wa.me\/573107215568\" target=\"_blank\" rel=\"noopener\">Reservar Ahora<\/a><\/div><\/div>\n <\/div><\/div>\n \n\n \n<div data-block=\"gutenkit\/container\" data-post-id=\"5105\" id=\"block-8d1416b8-c5de-4950-9286-4c6e118a2638\" class=\"wp-block-gutenkit-container gkit-block-custom-wide gkit8a2638 gutenkit-block\"><div class=\"gkit-block__inner\">\t\t\t\t\t<div\n\t\t\t\t\t\tclass=\"wp-block-uagb-image-gallery uagb-block-3fd21052     \"\n\t\t\t\t\t\tstyle=\"\"\n\t\t\t\t\t>\n\t\t\t\t\t\t\t\t\t\t\t<div class=\"spectra-image-gallery spectra-image-gallery__layout--grid spectra-image-gallery__layout--grid-col-3 spectra-image-gallery__layout--grid-col-tab-3 spectra-image-gallery__layout--grid-col-mob-2\">\n\t\t\t\t\t\t\t\t\t\t\t<div class='spectra-image-gallery__media-wrapper' data-spectra-gallery-image-id='5243' tabindex=\"0\">\n\t\t\t\t\t\t\t<div class=\"spectra-image-gallery__media spectra-image-gallery__media--grid\">\n\t\t\t\t<picture>\n\t\t\t\t\t<source media=\"(min-width: 1024px)\" srcset=\"https:\/\/tobiaturistica.com\/wp-content\/uploads\/2025\/08\/AMTL0177-1024x768.jpg\">\n\t\t\t\t\t<source media=\"(min-width: 768px)\" srcset=\"https:\/\/tobiaturistica.com\/wp-content\/uploads\/2025\/08\/AMTL0177-1024x768.jpg\">\n\t\t\t\t\t<img decoding=\"async\" class=\"spectra-image-gallery__media-thumbnail spectra-image-gallery__media-thumbnail--grid\" src=\"https:\/\/tobiaturistica.com\/wp-content\/uploads\/2025\/08\/AMTL0177-300x225.jpg\" alt=\"\" loading=\"lazy\" \/>\n\t\t\t\t<\/picture>\n\t\t\t\t<div class=\"spectra-image-gallery__media-thumbnail-blurrer\"><\/div>\n\t\t\t\t\t\t\t\t\t\t\t<div class=\"spectra-image-gallery__media-thumbnail-caption-wrapper spectra-image-gallery__media-thumbnail-caption-wrapper--overlay\"><\/div>\n\t\t\t\t\t\t\t\t<\/div>\n\t\t\t\t\t\t<\/div>\n\t\t\t\t\t\t<div class='spectra-image-gallery__media-wrapper' data-spectra-gallery-image-id='5244' tabindex=\"0\">\n\t\t\t\t\t\t\t<div class=\"spectra-image-gallery__media spectra-image-gallery__media--grid\">\n\t\t\t\t<picture>\n\t\t\t\t\t<source media=\"(min-width: 1024px)\" srcset=\"https:\/\/tobiaturistica.com\/wp-content\/uploads\/2025\/08\/DQZB4877-1024x768.jpg\">\n\t\t\t\t\t<source media=\"(min-width: 768px)\" srcset=\"https:\/\/tobiaturistica.com\/wp-content\/uploads\/2025\/08\/DQZB4877-1024x768.jpg\">\n\t\t\t\t\t<img decoding=\"async\" class=\"spectra-image-gallery__media-thumbnail spectra-image-gallery__media-thumbnail--grid\" src=\"https:\/\/tobiaturistica.com\/wp-content\/uploads\/2025\/08\/DQZB4877-300x225.jpg\" alt=\"\" loading=\"lazy\" \/>\n\t\t\t\t<\/picture>\n\t\t\t\t<div class=\"spectra-image-gallery__media-thumbnail-blurrer\"><\/div>\n\t\t\t\t\t\t\t\t\t\t\t<div class=\"spectra-image-gallery__media-thumbnail-caption-wrapper spectra-image-gallery__media-thumbnail-caption-wrapper--overlay\"><\/div>\n\t\t\t\t\t\t\t\t<\/div>\n\t\t\t\t\t\t<\/div>\n\t\t\t\t\t\t<div class='spectra-image-gallery__media-wrapper' data-spectra-gallery-image-id='5245' tabindex=\"0\">\n\t\t\t\t\t\t\t<div class=\"spectra-image-gallery__media spectra-image-gallery__media--grid\">\n\t\t\t\t<picture>\n\t\t\t\t\t<source media=\"(min-width: 1024px)\" srcset=\"https:\/\/tobiaturistica.com\/wp-content\/uploads\/2025\/08\/ESPQ7955-768x1024.jpg\">\n\t\t\t\t\t<source media=\"(min-width: 768px)\" srcset=\"https:\/\/tobiaturistica.com\/wp-content\/uploads\/2025\/08\/ESPQ7955-768x1024.jpg\">\n\t\t\t\t\t<img decoding=\"async\" class=\"spectra-image-gallery__media-thumbnail spectra-image-gallery__media-thumbnail--grid\" src=\"https:\/\/tobiaturistica.com\/wp-content\/uploads\/2025\/08\/ESPQ7955-225x300.jpg\" alt=\"\" loading=\"lazy\" \/>\n\t\t\t\t<\/picture>\n\t\t\t\t<div class=\"spectra-image-gallery__media-thumbnail-blurrer\"><\/div>\n\t\t\t\t\t\t\t\t\t\t\t<div class=\"spectra-image-gallery__media-thumbnail-caption-wrapper spectra-image-gallery__media-thumbnail-caption-wrapper--overlay\"><\/div>\n\t\t\t\t\t\t\t\t<\/div>\n\t\t\t\t\t\t<\/div>\n\t\t\t\t\t\t<div class='spectra-image-gallery__media-wrapper' data-spectra-gallery-image-id='5246' tabindex=\"0\">\n\t\t\t\t\t\t\t<div class=\"spectra-image-gallery__media spectra-image-gallery__media--grid\">\n\t\t\t\t<picture>\n\t\t\t\t\t<source media=\"(min-width: 1024px)\" srcset=\"https:\/\/tobiaturistica.com\/wp-content\/uploads\/2025\/08\/FNQT3153-1024x768.jpg\">\n\t\t\t\t\t<source media=\"(min-width: 768px)\" srcset=\"https:\/\/tobiaturistica.com\/wp-content\/uploads\/2025\/08\/FNQT3153-1024x768.jpg\">\n\t\t\t\t\t<img decoding=\"async\" class=\"spectra-image-gallery__media-thumbnail spectra-image-gallery__media-thumbnail--grid\" src=\"https:\/\/tobiaturistica.com\/wp-content\/uploads\/2025\/08\/FNQT3153-300x225.jpg\" alt=\"\" loading=\"lazy\" \/>\n\t\t\t\t<\/picture>\n\t\t\t\t<div class=\"spectra-image-gallery__media-thumbnail-blurrer\"><\/div>\n\t\t\t\t\t\t\t\t\t\t\t<div class=\"spectra-image-gallery__media-thumbnail-caption-wrapper spectra-image-gallery__media-thumbnail-caption-wrapper--overlay\"><\/div>\n\t\t\t\t\t\t\t\t<\/div>\n\t\t\t\t\t\t<\/div>\n\t\t\t\t\t\t<div class='spectra-image-gallery__media-wrapper' data-spectra-gallery-image-id='5247' tabindex=\"0\">\n\t\t\t\t\t\t\t<div class=\"spectra-image-gallery__media spectra-image-gallery__media--grid\">\n\t\t\t\t<picture>\n\t\t\t\t\t<source media=\"(min-width: 1024px)\" srcset=\"https:\/\/tobiaturistica.com\/wp-content\/uploads\/2025\/08\/GMLR9760-768x1024.jpg\">\n\t\t\t\t\t<source media=\"(min-width: 768px)\" srcset=\"https:\/\/tobiaturistica.com\/wp-content\/uploads\/2025\/08\/GMLR9760-768x1024.jpg\">\n\t\t\t\t\t<img decoding=\"async\" class=\"spectra-image-gallery__media-thumbnail spectra-image-gallery__media-thumbnail--grid\" src=\"https:\/\/tobiaturistica.com\/wp-content\/uploads\/2025\/08\/GMLR9760-225x300.jpg\" alt=\"\" loading=\"lazy\" \/>\n\t\t\t\t<\/picture>\n\t\t\t\t<div class=\"spectra-image-gallery__media-thumbnail-blurrer\"><\/div>\n\t\t\t\t\t\t\t\t\t\t\t<div class=\"spectra-image-gallery__media-thumbnail-caption-wrapper spectra-image-gallery__media-thumbnail-caption-wrapper--overlay\"><\/div>\n\t\t\t\t\t\t\t\t<\/div>\n\t\t\t\t\t\t<\/div>\n\t\t\t\t\t\t<div class='spectra-image-gallery__media-wrapper' data-spectra-gallery-image-id='5248' tabindex=\"0\">\n\t\t\t\t\t\t\t<div class=\"spectra-image-gallery__media spectra-image-gallery__media--grid\">\n\t\t\t\t<picture>\n\t\t\t\t\t<source media=\"(min-width: 1024px)\" srcset=\"https:\/\/tobiaturistica.com\/wp-content\/uploads\/2025\/08\/GVRR0407-1024x768.jpg\">\n\t\t\t\t\t<source media=\"(min-width: 768px)\" srcset=\"https:\/\/tobiaturistica.com\/wp-content\/uploads\/2025\/08\/GVRR0407-1024x768.jpg\">\n\t\t\t\t\t<img decoding=\"async\" class=\"spectra-image-gallery__media-thumbnail spectra-image-gallery__media-thumbnail--grid\" src=\"https:\/\/tobiaturistica.com\/wp-content\/uploads\/2025\/08\/GVRR0407-300x225.jpg\" alt=\"\" loading=\"lazy\" \/>\n\t\t\t\t<\/picture>\n\t\t\t\t<div class=\"spectra-image-gallery__media-thumbnail-blurrer\"><\/div>\n\t\t\t\t\t\t\t\t\t\t\t<div class=\"spectra-image-gallery__media-thumbnail-caption-wrapper spectra-image-gallery__media-thumbnail-caption-wrapper--overlay\"><\/div>\n\t\t\t\t\t\t\t\t<\/div>\n\t\t\t\t\t\t<\/div>\n\t\t\t\t\t\t<div class='spectra-image-gallery__media-wrapper' data-spectra-gallery-image-id='5249' tabindex=\"0\">\n\t\t\t\t\t\t\t<div class=\"spectra-image-gallery__media spectra-image-gallery__media--grid\">\n\t\t\t\t<picture>\n\t\t\t\t\t<source media=\"(min-width: 1024px)\" srcset=\"https:\/\/tobiaturistica.com\/wp-content\/uploads\/2025\/08\/RTDW7671-1024x768.jpg\">\n\t\t\t\t\t<source media=\"(min-width: 768px)\" srcset=\"https:\/\/tobiaturistica.com\/wp-content\/uploads\/2025\/08\/RTDW7671-1024x768.jpg\">\n\t\t\t\t\t<img decoding=\"async\" class=\"spectra-image-gallery__media-thumbnail spectra-image-gallery__media-thumbnail--grid\" src=\"https:\/\/tobiaturistica.com\/wp-content\/uploads\/2025\/08\/RTDW7671-300x225.jpg\" alt=\"\" loading=\"lazy\" \/>\n\t\t\t\t<\/picture>\n\t\t\t\t<div class=\"spectra-image-gallery__media-thumbnail-blurrer\"><\/div>\n\t\t\t\t\t\t\t\t\t\t\t<div class=\"spectra-image-gallery__media-thumbnail-caption-wrapper spectra-image-gallery__media-thumbnail-caption-wrapper--overlay\"><\/div>\n\t\t\t\t\t\t\t\t<\/div>\n\t\t\t\t\t\t<\/div>\n\t\t\t\t\t\t<div class='spectra-image-gallery__media-wrapper' data-spectra-gallery-image-id='5250' tabindex=\"0\">\n\t\t\t\t\t\t\t<div class=\"spectra-image-gallery__media spectra-image-gallery__media--grid\">\n\t\t\t\t<picture>\n\t\t\t\t\t<source media=\"(min-width: 1024px)\" srcset=\"https:\/\/tobiaturistica.com\/wp-content\/uploads\/2025\/08\/WOJM0744-768x1024.jpg\">\n\t\t\t\t\t<source media=\"(min-width: 768px)\" srcset=\"https:\/\/tobiaturistica.com\/wp-content\/uploads\/2025\/08\/WOJM0744-768x1024.jpg\">\n\t\t\t\t\t<img decoding=\"async\" class=\"spectra-image-gallery__media-thumbnail spectra-image-gallery__media-thumbnail--grid\" src=\"https:\/\/tobiaturistica.com\/wp-content\/uploads\/2025\/08\/WOJM0744-225x300.jpg\" alt=\"\" loading=\"lazy\" \/>\n\t\t\t\t<\/picture>\n\t\t\t\t<div class=\"spectra-image-gallery__media-thumbnail-blurrer\"><\/div>\n\t\t\t\t\t\t\t\t\t\t\t<div class=\"spectra-image-gallery__media-thumbnail-caption-wrapper spectra-image-gallery__media-thumbnail-caption-wrapper--overlay\"><\/div>\n\t\t\t\t\t\t\t\t<\/div>\n\t\t\t\t\t\t<\/div>\n\t\t\t\t\t\t\t\t\t\t<\/div>\n\t\t\t\t\t\t\t\t\t\t\t\t\t\t\t\t\t\t<\/div>\n\t\t\t\t\t\t\t\t\t\t\t<div class='spectra-image-gallery__control-lightbox' tabindex='0'>\n\t\t\t\t\t\t\t\t\t\t\t<div class=\"swiper spectra-image-gallery__control-lightbox--main\" dir=\"\">\n\t\t\t\t\t<div class=\"swiper-wrapper\">\n\t\t\t\t\t\t\t\t\t\t\t\t\t\n\t\t\t\t\t\t\t<div class=\"swiper-slide\">\n\t\t\t\t\t\t\t\t<img loading=\"lazy\" class=\"swiper-lazy\" data-src=\"https:\/\/tobiaturistica.com\/wp-content\/uploads\/2025\/08\/AMTL0177-scaled.jpg\" alt=\"\"\/>\n\t\t\t\t\t\t\t\t<div class=\"swiper-lazy-preloader swiper-lazy-preloader-white\"><\/div>\n\t\t\t\t\t\t\t\t\t\t\t\t\t\t\t<\/div>\n\t\t\t\t\t\t\t\t\t\t\t\t\t\n\t\t\t\t\t\t\t<div class=\"swiper-slide\">\n\t\t\t\t\t\t\t\t<img loading=\"lazy\" class=\"swiper-lazy\" data-src=\"https:\/\/tobiaturistica.com\/wp-content\/uploads\/2025\/08\/DQZB4877.jpg\" alt=\"\"\/>\n\t\t\t\t\t\t\t\t<div class=\"swiper-lazy-preloader swiper-lazy-preloader-white\"><\/div>\n\t\t\t\t\t\t\t\t\t\t\t\t\t\t\t<\/div>\n\t\t\t\t\t\t\t\t\t\t\t\t\t\n\t\t\t\t\t\t\t<div class=\"swiper-slide\">\n\t\t\t\t\t\t\t\t<img loading=\"lazy\" class=\"swiper-lazy\" data-src=\"https:\/\/tobiaturistica.com\/wp-content\/uploads\/2025\/08\/ESPQ7955-scaled.jpg\" alt=\"\"\/>\n\t\t\t\t\t\t\t\t<div class=\"swiper-lazy-preloader swiper-lazy-preloader-white\"><\/div>\n\t\t\t\t\t\t\t\t\t\t\t\t\t\t\t<\/div>\n\t\t\t\t\t\t\t\t\t\t\t\t\t\n\t\t\t\t\t\t\t<div class=\"swiper-slide\">\n\t\t\t\t\t\t\t\t<img loading=\"lazy\" class=\"swiper-lazy\" data-src=\"https:\/\/tobiaturistica.com\/wp-content\/uploads\/2025\/08\/FNQT3153-scaled.jpg\" alt=\"\"\/>\n\t\t\t\t\t\t\t\t<div class=\"swiper-lazy-preloader swiper-lazy-preloader-white\"><\/div>\n\t\t\t\t\t\t\t\t\t\t\t\t\t\t\t<\/div>\n\t\t\t\t\t\t\t\t\t\t\t\t\t\n\t\t\t\t\t\t\t<div class=\"swiper-slide\">\n\t\t\t\t\t\t\t\t<img loading=\"lazy\" class=\"swiper-lazy\" data-src=\"https:\/\/tobiaturistica.com\/wp-content\/uploads\/2025\/08\/GMLR9760-scaled.jpg\" alt=\"\"\/>\n\t\t\t\t\t\t\t\t<div class=\"swiper-lazy-preloader swiper-lazy-preloader-white\"><\/div>\n\t\t\t\t\t\t\t\t\t\t\t\t\t\t\t<\/div>\n\t\t\t\t\t\t\t\t\t\t\t\t\t\n\t\t\t\t\t\t\t<div class=\"swiper-slide\">\n\t\t\t\t\t\t\t\t<img loading=\"lazy\" class=\"swiper-lazy\" data-src=\"https:\/\/tobiaturistica.com\/wp-content\/uploads\/2025\/08\/GVRR0407-scaled.jpg\" alt=\"\"\/>\n\t\t\t\t\t\t\t\t<div class=\"swiper-lazy-preloader swiper-lazy-preloader-white\"><\/div>\n\t\t\t\t\t\t\t\t\t\t\t\t\t\t\t<\/div>\n\t\t\t\t\t\t\t\t\t\t\t\t\t\n\t\t\t\t\t\t\t<div class=\"swiper-slide\">\n\t\t\t\t\t\t\t\t<img loading=\"lazy\" class=\"swiper-lazy\" data-src=\"https:\/\/tobiaturistica.com\/wp-content\/uploads\/2025\/08\/RTDW7671.jpg\" alt=\"\"\/>\n\t\t\t\t\t\t\t\t<div class=\"swiper-lazy-preloader swiper-lazy-preloader-white\"><\/div>\n\t\t\t\t\t\t\t\t\t\t\t\t\t\t\t<\/div>\n\t\t\t\t\t\t\t\t\t\t\t\t\t\n\t\t\t\t\t\t\t<div class=\"swiper-slide\">\n\t\t\t\t\t\t\t\t<img loading=\"lazy\" class=\"swiper-lazy\" data-src=\"https:\/\/tobiaturistica.com\/wp-content\/uploads\/2025\/08\/WOJM0744-scaled.jpg\" alt=\"\"\/>\n\t\t\t\t\t\t\t\t<div class=\"swiper-lazy-preloader swiper-lazy-preloader-white\"><\/div>\n\t\t\t\t\t\t\t\t\t\t\t\t\t\t\t<\/div>\n\t\t\t\t\t\t\t\t\t\t\t<\/div>\n\t\t\t\t\t<div class=\"swiper-button-next\"><\/div>\n\t\t\t\t\t<div class=\"swiper-button-prev\"><\/div>\n\t\t\t\t<\/div>\t\t\t\n\t\t\t\t\t\t\t\t\t\t\t\t\t\t\t\t\t\t\t\t\t\t\t\t\t\t\t\t\t\t\t\t<button class='spectra-image-gallery__control-lightbox--close' aria-label=\"Close\">\n\t\t\t\t\t\t\t\t\t\t\t\t\t<svg xmlns=\"https:\/\/www.w3.org\/2000\/svg\" viewBox= \"0 0 320 512\"><path d=\"M310.6 361.4c12.5 12.5 12.5 32.75 0 45.25C304.4 412.9 296.2 416 288 416s-16.38-3.125-22.62-9.375L160 301.3L54.63 406.6C48.38 412.9 40.19 416 32 416S15.63 412.9 9.375 406.6c-12.5-12.5-12.5-32.75 0-45.25l105.4-105.4L9.375 150.6c-12.5-12.5-12.5-32.75 0-45.25s32.75-12.5 45.25 0L160 210.8l105.4-105.4c12.5-12.5 32.75-12.5 45.25 0s12.5 32.75 0 45.25l-105.4 105.4L310.6 361.4z\"><\/path><\/svg>\n\t\t\t\t\t\t\t\t\t\t\t\t<\/button>\n\t\t\t\t\t\t\t\t\t\t\t\t\t<\/div>\n\t\t\t\t\t\t\t\t\t<\/div><\/div>\n <\/div><\/div>\n \n\n \n<div data-block=\"gutenkit\/container\" data-post-id=\"5105\" id=\"block-dc80a832-320b-48d0-b7e4-c1daec01d1e0\" class=\"wp-block-gutenkit-container alignfull gkit01d1e0 gutenkit-block\"><div class=\"gkit-container-overlay\"><\/div><div class=\"gkit-block__inner\"> \n<div data-block=\"gutenkit\/heading\" data-post-id=\"5105\" class=\"wp-block-gutenkit-heading gkit-heading-border-position-start gkit52ef8d gutenkit-block\" id=\"block-43c683d7-cf6c-4738-ac36-306518d66129\"><a href=\"https:\/\/tobiaturistica.com\/?page_id=1229\" class=\"external-link\"><h2 class=\"gkit-heading-title\">\u00a1Reserva ahora!<\/h2><\/a><div class=\"gkit-heading-description\"><p>No te pierdas la oportunidad de disfrutar de un refugio perfecto en nuestra finca. Reserva ahora y prep\u00e1rate para una experiencia inolvidable en el campo, cerca al pueblo de Tob\u00eda.<\/p><\/div><\/div>\n \n\n \n<div data-block=\"gutenkit\/video\" data-post-id=\"5105\" id=\"block-023475c0-74ab-4e08-a197-b79a54ae696d\" class=\"wp-block-gutenkit-video gkitae696d gutenkit-block\"><div class=\"video-content\" id=\"video-content\" data-settings=\"{&quot;videoStyleOptions&quot;:&quot;popup&quot;,&quot;videoType&quot;:&quot;youtube&quot;,&quot;playerControl&quot;:true,&quot;isAutoPlay&quot;:false,&quot;isVideoMute&quot;:true,&quot;isVideoLoop&quot;:false,&quot;isPlayOnMobile&quot;:true,&quot;isImageOverlay&quot;:false,&quot;overlayPlayIcon&quot;:false,&quot;overlayLightbox&quot;:false,&quot;videoStartTime&quot;:0,&quot;videoEndTime&quot;:&quot;&quot;,&quot;isIntroTitle&quot;:false,&quot;isIntroPortrait&quot;:false,&quot;isIntroByLine&quot;:false,&quot;getYoutubeVideoId&quot;:&quot;mCIO63p1wQM&quot;,&quot;videoPreLoad&quot;:&quot;auto&quot;,&quot;selfVideoURL&quot;:&quot;https:\/\/wpmet.com\/plugin\/elementskit\/wp-content\/uploads\/2022\/11\/selfhosted_video.mp4&quot;,&quot;isDownloadButton&quot;:true,&quot;isPlayerControlsEnabled&quot;:true,&quot;gkitVideoCloseButtonIcon&quot;:{&quot;title&quot;:&quot;cross&quot;,&quot;src&quot;:&quot;<svg xmlns=\\&quot;http:\/\/www.w3.org\/2000\/svg\\&quot; viewBox=\\&quot;0 0 32 32\\&quot;&gt;<path d=\\&quot;M17.131 16.8l9.034-9.034c0.312-0.312 0.312-0.819 0-1.131s-0.819-0.312-1.131 0l-9.034 9.034-9.034-9.034c-0.312-0.312-0.819-0.312-1.131 0s-0.312 0.819 0 1.131l9.034 9.034-9.034 9.034c-0.312 0.312-0.312 0.819 0 1.131 0.156 0.156 0.361 0.234 0.566 0.234s0.409-0.078 0.566-0.234l9.034-9.034 9.034 9.034c0.156 0.156 0.361 0.234 0.566 0.234s0.409-0.078 0.566-0.234c0.312-0.312 0.312-0.819 0-1.131l-9.034-9.034z\\&quot;&gt;<\/path&gt;<\/svg&gt;&quot;},&quot;wrapperClass&quot;:&quot;gkitae696d&quot;}\"><a data-fancybox=\"true\" data-src=\"https:\/\/www.youtube.com\/watch?v=mCIO63p1wQM\" data-custom-class=\"gkit-video-popup-yt\" href=\"#\" class=\"gkit_icon_button glow-btn \n       color-glow gkit-video-popup gkit-video-popup-btn fancybox.iframe\" aria-label=\"Play Video\"><span class=\"icon-play\"><svg version=\"1.1\" xmlns=\"http:\/\/www.w3.org\/2000\/svg\" width=\"32\" height=\"32\" viewBox=\"0 0 32 32\" class=\"gkit-icon\">\n<title>play-button<\/title>\n<path d=\"M27.481 15.773l-22.096-15.238c-0.234-0.161-0.537-0.178-0.787-0.047-0.251 0.132-0.408 0.391-0.408 0.674v30.477c0 0.283 0.157 0.543 0.408 0.675 0.111 0.058 0.233 0.087 0.354 0.087 0.152 0 0.302-0.046 0.433-0.135l22.096-15.238c0.206-0.142 0.329-0.376 0.329-0.627s-0.123-0.485-0.329-0.627z\"><\/path>\n<\/svg>\n<\/span><\/a><\/div><\/div>\n <\/div><\/div>\n ","protected":false},"excerpt":{"rendered":"","protected":false},"author":1,"featured_media":0,"parent":0,"menu_order":0,"comment_status":"closed","ping_status":"closed","template":"","meta":{"_uag_custom_page_level_css":"","postBodyCss":"","postBodyMargin":[],"postBodyPadding":[],"postBodyBackground":{"backgroundType":"classic","gradient":""},"_kad_post_transparent":"","_kad_post_title":"hide","_kad_post_layout":"fullwidth","_kad_post_sidebar_id":"","_kad_post_content_style":"unboxed","_kad_post_vertical_padding":"","_kad_post_feature":"","_kad_post_feature_position":"","_kad_post_header":false,"_kad_post_footer":false,"_kad_post_classname":"","_joinchat":[],"footnotes":""},"class_list":["post-5105","page","type-page","status-publish","hentry"],"uagb_featured_image_src":{"full":false,"thumbnail":false,"medium":false,"medium_large":false,"large":false,"1536x1536":false,"2048x2048":false},"uagb_author_info":{"display_name":"mackonen","author_link":"https:\/\/tobiaturistica.com\/author\/tobiatur"},"uagb_comment_info":0,"uagb_excerpt":null,"_links":{"self":[{"href":"https:\/\/tobiaturistica.com\/index.php?rest_route=\/wp\/v2\/pages\/5105","targetHints":{"allow":["GET"]}}],"collection":[{"href":"https:\/\/tobiaturistica.com\/index.php?rest_route=\/wp\/v2\/pages"}],"about":[{"href":"https:\/\/tobiaturistica.com\/index.php?rest_route=\/wp\/v2\/types\/page"}],"author":[{"embeddable":true,"href":"https:\/\/tobiaturistica.com\/index.php?rest_route=\/wp\/v2\/users\/1"}],"replies":[{"embeddable":true,"href":"https:\/\/tobiaturistica.com\/index.php?rest_route=%2Fwp%2Fv2%2Fcomments&post=5105"}],"version-history":[{"count":10,"href":"https:\/\/tobiaturistica.com\/index.php?rest_route=\/wp\/v2\/pages\/5105\/revisions"}],"predecessor-version":[{"id":5541,"href":"https:\/\/tobiaturistica.com\/index.php?rest_route=\/wp\/v2\/pages\/5105\/revisions\/5541"}],"wp:attachment":[{"href":"https:\/\/tobiaturistica.com\/index.php?rest_route=%2Fwp%2Fv2%2Fmedia&parent=5105"}],"curies":[{"name":"wp","href":"https:\/\/api.w.org\/{rel}","templated":true}]}}